{"id":10639,"date":"2026-01-14T15:59:53","date_gmt":"2026-01-14T20:59:53","guid":{"rendered":"https:\/\/casaquintamelgar.com\/?post_type=product&#038;p=10639"},"modified":"2026-02-16T08:02:28","modified_gmt":"2026-02-16T13:02:28","slug":"aceite-mineral","status":"publish","type":"product","link":"https:\/\/zerachem.com\/en\/product\/aceite-mineral\/","title":{"rendered":"Producto Altamente Refinado Aceite mineral"},"content":{"rendered":"","protected":false},"excerpt":{"rendered":"<p>Aceite Mineral USP es un producto altamente refinado, incoloro e inodoro, con gran pureza y estabilidad.<\/p>\n<p>Se utiliza en farmac\u00e9utica (ung\u00fcentos, laxantes, vacunas), cosm\u00e9tica (cremas, lociones, cuidado capilar), industria alimentaria (recubrimientos, panader\u00eda, lubricaci\u00f3n de maquinaria) y veterinaria; aporta lubricidad, seguridad e inocuidad, siendo un insumo vers\u00e1til y confiable.<\/p>\n<p>&nbsp;<\/p>\n<p>&nbsp;<\/p>\n<p><a href=\"https:\/\/api.whatsapp.com\/send\/?phone=3202472445&amp;text&amp;type=phone_number&amp;app_absent=0\"><img decoding=\"async\" class=\"alignnone wp-image-2191\" src=\"https:\/\/casaquintamelgar.com\/wp-content\/uploads\/2026\/01\/muestrasincosto.png\" alt=\"\" width=\"270\" height=\"46\" \/><\/a><\/p>","protected":false},"featured_media":14648,"comment_status":"open","ping_status":"closed","template":"","meta":[],"product_brand":[],"product_cat":[31],"product_tag":[],"class_list":{"0":"post-10639","1":"product","2":"type-product","3":"status-publish","4":"has-post-thumbnail","6":"product_cat-productos-importados","8":"first","9":"instock","10":"taxable","11":"shipping-taxable","12":"product-type-simple"},"yoast_head":"<!-- This site is optimized with the Yoast SEO plugin v27.0 - https:\/\/yoast.com\/product\/yoast-seo-wordpress\/ -->\n<title>Producto Altamente Refinado Aceite mineral - Zerachem<\/title>\n<meta name=\"robots\" content=\"index, follow, max-snippet:-1, max-image-preview:large, max-video-preview:-1\" \/>\n<link rel=\"canonical\" href=\"https:\/\/zerachem.com\/en\/product\/aceite-mineral\/\" \/>\n<meta property=\"og:locale\" content=\"en_US\" \/>\n<meta property=\"og:type\" content=\"article\" \/>\n<meta property=\"og:title\" content=\"Producto Altamente Refinado Aceite mineral - Zerachem\" \/>\n<meta property=\"og:description\" content=\"Aceite Mineral USP es un producto altamente refinado, incoloro e inodoro, con gran pureza y estabilidad.  Se utiliza en farmac\u00e9utica (ung\u00fcentos, laxantes, vacunas), cosm\u00e9tica (cremas, lociones, cuidado capilar), industria alimentaria (recubrimientos, panader\u00eda, lubricaci\u00f3n de maquinaria) y veterinaria; aporta lubricidad, seguridad e inocuidad, siendo un insumo vers\u00e1til y confiable.  &nbsp;  &nbsp;\" \/>\n<meta property=\"og:url\" content=\"https:\/\/zerachem.com\/en\/product\/aceite-mineral\/\" \/>\n<meta property=\"og:site_name\" content=\"Zerachem\" \/>\n<meta property=\"article:modified_time\" content=\"2026-02-16T13:02:28+00:00\" \/>\n<meta property=\"og:image\" content=\"https:\/\/zerachem.com\/wp-content\/uploads\/2026\/01\/383.webp\" \/>\n\t<meta property=\"og:image:width\" content=\"540\" \/>\n\t<meta property=\"og:image:height\" content=\"540\" \/>\n\t<meta property=\"og:image:type\" content=\"image\/webp\" \/>\n<meta name=\"twitter:card\" content=\"summary_large_image\" \/>\n<script type=\"application\/ld+json\" class=\"yoast-schema-graph\">{\"@context\":\"https:\/\/schema.org\",\"@graph\":[{\"@type\":\"WebPage\",\"@id\":\"https:\/\/zerachem.com\/producto\/aceite-mineral\/\",\"url\":\"https:\/\/zerachem.com\/producto\/aceite-mineral\/\",\"name\":\"Producto Altamente Refinado Aceite mineral - Zerachem\",\"isPartOf\":{\"@id\":\"https:\/\/zerachem.com\/#website\"},\"primaryImageOfPage\":{\"@id\":\"https:\/\/zerachem.com\/producto\/aceite-mineral\/#primaryimage\"},\"image\":{\"@id\":\"https:\/\/zerachem.com\/producto\/aceite-mineral\/#primaryimage\"},\"thumbnailUrl\":\"https:\/\/zerachem.com\/wp-content\/uploads\/2026\/01\/383.webp\",\"datePublished\":\"2026-01-14T20:59:53+00:00\",\"dateModified\":\"2026-02-16T13:02:28+00:00\",\"breadcrumb\":{\"@id\":\"https:\/\/zerachem.com\/producto\/aceite-mineral\/#breadcrumb\"},\"inLanguage\":\"en-US\",\"potentialAction\":[{\"@type\":\"ReadAction\",\"target\":[\"https:\/\/zerachem.com\/producto\/aceite-mineral\/\"]}]},{\"@type\":\"ImageObject\",\"inLanguage\":\"en-US\",\"@id\":\"https:\/\/zerachem.com\/producto\/aceite-mineral\/#primaryimage\",\"url\":\"https:\/\/zerachem.com\/wp-content\/uploads\/2026\/01\/383.webp\",\"contentUrl\":\"https:\/\/zerachem.com\/wp-content\/uploads\/2026\/01\/383.webp\",\"width\":540,\"height\":540,\"caption\":\"Aceite Mineral\"},{\"@type\":\"BreadcrumbList\",\"@id\":\"https:\/\/zerachem.com\/producto\/aceite-mineral\/#breadcrumb\",\"itemListElement\":[{\"@type\":\"ListItem\",\"position\":1,\"name\":\"Portada\",\"item\":\"https:\/\/zerachem.com\/\"},{\"@type\":\"ListItem\",\"position\":2,\"name\":\"Tienda\",\"item\":\"http:\/\/zerachem.com\/en\/tienda\/\"},{\"@type\":\"ListItem\",\"position\":3,\"name\":\"Producto Altamente Refinado Aceite mineral\"}]},{\"@type\":\"WebSite\",\"@id\":\"https:\/\/zerachem.com\/#website\",\"url\":\"https:\/\/zerachem.com\/\",\"name\":\"Zerachem\",\"description\":\"Materias Primas Qu&iacute;micas para Colombia y el Mundo\",\"potentialAction\":[{\"@type\":\"SearchAction\",\"target\":{\"@type\":\"EntryPoint\",\"urlTemplate\":\"https:\/\/zerachem.com\/?s={search_term_string}\"},\"query-input\":{\"@type\":\"PropertyValueSpecification\",\"valueRequired\":true,\"valueName\":\"search_term_string\"}}],\"inLanguage\":\"en-US\"}]}<\/script>\n<!-- \/ Yoast SEO plugin. -->","yoast_head_json":{"title":"Producto Altamente Refinado Aceite mineral - Zerachem","robots":{"index":"index","follow":"follow","max-snippet":"max-snippet:-1","max-image-preview":"max-image-preview:large","max-video-preview":"max-video-preview:-1"},"canonical":"https:\/\/zerachem.com\/en\/product\/aceite-mineral\/","og_locale":"en_US","og_type":"article","og_title":"Producto Altamente Refinado Aceite mineral - Zerachem","og_description":"Aceite Mineral USP es un producto altamente refinado, incoloro e inodoro, con gran pureza y estabilidad.  Se utiliza en farmac\u00e9utica (ung\u00fcentos, laxantes, vacunas), cosm\u00e9tica (cremas, lociones, cuidado capilar), industria alimentaria (recubrimientos, panader\u00eda, lubricaci\u00f3n de maquinaria) y veterinaria; aporta lubricidad, seguridad e inocuidad, siendo un insumo vers\u00e1til y confiable.  &nbsp;  &nbsp;","og_url":"https:\/\/zerachem.com\/en\/product\/aceite-mineral\/","og_site_name":"Zerachem","article_modified_time":"2026-02-16T13:02:28+00:00","og_image":[{"width":540,"height":540,"url":"https:\/\/zerachem.com\/wp-content\/uploads\/2026\/01\/383.webp","type":"image\/webp"}],"twitter_card":"summary_large_image","schema":{"@context":"https:\/\/schema.org","@graph":[{"@type":"WebPage","@id":"https:\/\/zerachem.com\/producto\/aceite-mineral\/","url":"https:\/\/zerachem.com\/producto\/aceite-mineral\/","name":"Producto Altamente Refinado Aceite mineral - Zerachem","isPartOf":{"@id":"https:\/\/zerachem.com\/#website"},"primaryImageOfPage":{"@id":"https:\/\/zerachem.com\/producto\/aceite-mineral\/#primaryimage"},"image":{"@id":"https:\/\/zerachem.com\/producto\/aceite-mineral\/#primaryimage"},"thumbnailUrl":"https:\/\/zerachem.com\/wp-content\/uploads\/2026\/01\/383.webp","datePublished":"2026-01-14T20:59:53+00:00","dateModified":"2026-02-16T13:02:28+00:00","breadcrumb":{"@id":"https:\/\/zerachem.com\/producto\/aceite-mineral\/#breadcrumb"},"inLanguage":"en-US","potentialAction":[{"@type":"ReadAction","target":["https:\/\/zerachem.com\/producto\/aceite-mineral\/"]}]},{"@type":"ImageObject","inLanguage":"en-US","@id":"https:\/\/zerachem.com\/producto\/aceite-mineral\/#primaryimage","url":"https:\/\/zerachem.com\/wp-content\/uploads\/2026\/01\/383.webp","contentUrl":"https:\/\/zerachem.com\/wp-content\/uploads\/2026\/01\/383.webp","width":540,"height":540,"caption":"Aceite Mineral"},{"@type":"BreadcrumbList","@id":"https:\/\/zerachem.com\/producto\/aceite-mineral\/#breadcrumb","itemListElement":[{"@type":"ListItem","position":1,"name":"Portada","item":"https:\/\/zerachem.com\/"},{"@type":"ListItem","position":2,"name":"Tienda","item":"http:\/\/zerachem.com\/en\/tienda\/"},{"@type":"ListItem","position":3,"name":"Producto Altamente Refinado Aceite mineral"}]},{"@type":"WebSite","@id":"https:\/\/zerachem.com\/#website","url":"https:\/\/zerachem.com\/","name":"Zerachem","description":"Materias Primas Qu&iacute;micas para Colombia y el Mundo","potentialAction":[{"@type":"SearchAction","target":{"@type":"EntryPoint","urlTemplate":"https:\/\/zerachem.com\/?s={search_term_string}"},"query-input":{"@type":"PropertyValueSpecification","valueRequired":true,"valueName":"search_term_string"}}],"inLanguage":"en-US"}]}},"_links":{"self":[{"href":"https:\/\/zerachem.com\/en\/wp-json\/wp\/v2\/product\/10639","targetHints":{"allow":["GET"]}}],"collection":[{"href":"https:\/\/zerachem.com\/en\/wp-json\/wp\/v2\/product"}],"about":[{"href":"https:\/\/zerachem.com\/en\/wp-json\/wp\/v2\/types\/product"}],"replies":[{"embeddable":true,"href":"https:\/\/zerachem.com\/en\/wp-json\/wp\/v2\/comments?post=10639"}],"wp:featuredmedia":[{"embeddable":true,"href":"https:\/\/zerachem.com\/en\/wp-json\/wp\/v2\/media\/14648"}],"wp:attachment":[{"href":"https:\/\/zerachem.com\/en\/wp-json\/wp\/v2\/media?parent=10639"}],"wp:term":[{"taxonomy":"product_brand","embeddable":true,"href":"https:\/\/zerachem.com\/en\/wp-json\/wp\/v2\/product_brand?post=10639"},{"taxonomy":"product_cat","embeddable":true,"href":"https:\/\/zerachem.com\/en\/wp-json\/wp\/v2\/product_cat?post=10639"},{"taxonomy":"product_tag","embeddable":true,"href":"https:\/\/zerachem.com\/en\/wp-json\/wp\/v2\/product_tag?post=10639"}],"curies":[{"name":"wp","href":"https:\/\/api.w.org\/{rel}","templated":true}]}}