{"id":12957,"date":"2026-01-23T10:32:37","date_gmt":"2026-01-23T15:32:37","guid":{"rendered":"https:\/\/zerachem.com\/?post_type=product&#038;p=12957"},"modified":"2026-02-05T10:24:09","modified_gmt":"2026-02-05T15:24:09","slug":"antiespumante-antifoamzera-powder-alimentario","status":"publish","type":"product","link":"https:\/\/zerachem.com\/en\/product\/antiespumante-antifoamzera-powder-alimentario\/","title":{"rendered":"Antifoamzera Powder \u2013 Food-Grade Defoamer"},"content":{"rendered":"","protected":false},"excerpt":{"rendered":"<p>Antiespumante en polvo con base siliconada para mezcla en seco, ideal para aplicaciones de bebidas en polvo y procesos con agitaci\u00f3n en seco.<\/p>\n<p>Proporciona control preciso de espuma sin alterar la funcionalidad ni las propiedades del producto final adem\u00e1s de mejorar la eficiencia en la l\u00ednea de producci\u00f3n.<\/p>\n<p>&nbsp;<\/p>\n<p><a href=\"https:\/\/api.whatsapp.com\/send\/?phone=3202472445&amp;text&amp;type=phone_number&amp;app_absent=0\"><img decoding=\"async\" class=\"alignnone wp-image-2191\" src=\"https:\/\/casaquintamelgar.com\/wp-content\/uploads\/2026\/01\/muestrasincosto.png\" alt=\"\" width=\"270\" height=\"46\" \/><\/a><\/p>","protected":false},"featured_media":10121,"comment_status":"open","ping_status":"closed","template":"","meta":[],"product_brand":[],"product_cat":[27],"product_tag":[],"class_list":{"0":"post-12957","1":"product","2":"type-product","3":"status-publish","4":"has-post-thumbnail","6":"product_cat-antiespumantes-para-alimentos","8":"first","9":"instock","10":"taxable","11":"shipping-taxable","12":"product-type-simple"},"yoast_head":"<!-- This site is optimized with the Yoast SEO plugin v27.0 - https:\/\/yoast.com\/product\/yoast-seo-wordpress\/ -->\n<title>Antiespumante Antifoamzera Powder Food Grade - Zerachem<\/title>\n<meta name=\"robots\" content=\"index, follow, max-snippet:-1, max-image-preview:large, max-video-preview:-1\" \/>\n<link rel=\"canonical\" href=\"https:\/\/zerachem.com\/en\/product\/antiespumante-antifoamzera-powder-alimentario\/\" \/>\n<meta property=\"og:locale\" content=\"en_US\" \/>\n<meta property=\"og:type\" content=\"article\" \/>\n<meta property=\"og:title\" content=\"Antiespumante Antifoamzera Powder Food Grade - Zerachem\" \/>\n<meta property=\"og:description\" content=\"Antiespumante en polvo con base siliconada para mezcla en seco, ideal para aplicaciones de bebidas en polvo y procesos con agitaci\u00f3n en seco.  Proporciona control preciso de espuma sin alterar la funcionalidad ni las propiedades del producto final adem\u00e1s de mejorar la eficiencia en la l\u00ednea de producci\u00f3n.  &nbsp;\" \/>\n<meta property=\"og:url\" content=\"https:\/\/zerachem.com\/en\/product\/antiespumante-antifoamzera-powder-alimentario\/\" \/>\n<meta property=\"og:site_name\" content=\"Zerachem\" \/>\n<meta property=\"article:modified_time\" content=\"2026-02-05T15:24:09+00:00\" \/>\n<meta property=\"og:image\" content=\"https:\/\/zerachem.com\/wp-content\/uploads\/2025\/12\/23-08-2025-Pagina-web-imagenes-productos-42.png\" \/>\n\t<meta property=\"og:image:width\" content=\"540\" \/>\n\t<meta property=\"og:image:height\" content=\"540\" \/>\n\t<meta property=\"og:image:type\" content=\"image\/png\" \/>\n<meta name=\"twitter:card\" content=\"summary_large_image\" \/>\n<script type=\"application\/ld+json\" class=\"yoast-schema-graph\">{\"@context\":\"https:\/\/schema.org\",\"@graph\":[{\"@type\":\"WebPage\",\"@id\":\"https:\/\/zerachem.com\/producto\/antiespumante-antifoamzera-powder-alimentario\/\",\"url\":\"https:\/\/zerachem.com\/producto\/antiespumante-antifoamzera-powder-alimentario\/\",\"name\":\"Antiespumante Antifoamzera Powder Food Grade - Zerachem\",\"isPartOf\":{\"@id\":\"https:\/\/zerachem.com\/#website\"},\"primaryImageOfPage\":{\"@id\":\"https:\/\/zerachem.com\/producto\/antiespumante-antifoamzera-powder-alimentario\/#primaryimage\"},\"image\":{\"@id\":\"https:\/\/zerachem.com\/producto\/antiespumante-antifoamzera-powder-alimentario\/#primaryimage\"},\"thumbnailUrl\":\"https:\/\/zerachem.com\/wp-content\/uploads\/2025\/12\/23-08-2025-Pagina-web-imagenes-productos-42.png\",\"datePublished\":\"2026-01-23T15:32:37+00:00\",\"dateModified\":\"2026-02-05T15:24:09+00:00\",\"breadcrumb\":{\"@id\":\"https:\/\/zerachem.com\/producto\/antiespumante-antifoamzera-powder-alimentario\/#breadcrumb\"},\"inLanguage\":\"en-US\",\"potentialAction\":[{\"@type\":\"ReadAction\",\"target\":[\"https:\/\/zerachem.com\/producto\/antiespumante-antifoamzera-powder-alimentario\/\"]}]},{\"@type\":\"ImageObject\",\"inLanguage\":\"en-US\",\"@id\":\"https:\/\/zerachem.com\/producto\/antiespumante-antifoamzera-powder-alimentario\/#primaryimage\",\"url\":\"https:\/\/zerachem.com\/wp-content\/uploads\/2025\/12\/23-08-2025-Pagina-web-imagenes-productos-42.png\",\"contentUrl\":\"https:\/\/zerachem.com\/wp-content\/uploads\/2025\/12\/23-08-2025-Pagina-web-imagenes-productos-42.png\",\"width\":540,\"height\":540,\"caption\":\"Antiespumante en Polvo\"},{\"@type\":\"BreadcrumbList\",\"@id\":\"https:\/\/zerachem.com\/producto\/antiespumante-antifoamzera-powder-alimentario\/#breadcrumb\",\"itemListElement\":[{\"@type\":\"ListItem\",\"position\":1,\"name\":\"Portada\",\"item\":\"https:\/\/zerachem.com\/\"},{\"@type\":\"ListItem\",\"position\":2,\"name\":\"Tienda\",\"item\":\"http:\/\/zerachem.com\/en\/tienda\/\"},{\"@type\":\"ListItem\",\"position\":3,\"name\":\"Antiespumante Antifoamzera Powder Food Grade\"}]},{\"@type\":\"WebSite\",\"@id\":\"https:\/\/zerachem.com\/#website\",\"url\":\"https:\/\/zerachem.com\/\",\"name\":\"Zerachem\",\"description\":\"Materias Primas Qu&iacute;micas para Colombia y el Mundo\",\"potentialAction\":[{\"@type\":\"SearchAction\",\"target\":{\"@type\":\"EntryPoint\",\"urlTemplate\":\"https:\/\/zerachem.com\/?s={search_term_string}\"},\"query-input\":{\"@type\":\"PropertyValueSpecification\",\"valueRequired\":true,\"valueName\":\"search_term_string\"}}],\"inLanguage\":\"en-US\"}]}<\/script>\n<!-- \/ Yoast SEO plugin. -->","yoast_head_json":{"title":"Antiespumante Antifoamzera Powder Food Grade - Zerachem","robots":{"index":"index","follow":"follow","max-snippet":"max-snippet:-1","max-image-preview":"max-image-preview:large","max-video-preview":"max-video-preview:-1"},"canonical":"https:\/\/zerachem.com\/en\/product\/antiespumante-antifoamzera-powder-alimentario\/","og_locale":"en_US","og_type":"article","og_title":"Antiespumante Antifoamzera Powder Food Grade - Zerachem","og_description":"Antiespumante en polvo con base siliconada para mezcla en seco, ideal para aplicaciones de bebidas en polvo y procesos con agitaci\u00f3n en seco.  Proporciona control preciso de espuma sin alterar la funcionalidad ni las propiedades del producto final adem\u00e1s de mejorar la eficiencia en la l\u00ednea de producci\u00f3n.  &nbsp;","og_url":"https:\/\/zerachem.com\/en\/product\/antiespumante-antifoamzera-powder-alimentario\/","og_site_name":"Zerachem","article_modified_time":"2026-02-05T15:24:09+00:00","og_image":[{"width":540,"height":540,"url":"https:\/\/zerachem.com\/wp-content\/uploads\/2025\/12\/23-08-2025-Pagina-web-imagenes-productos-42.png","type":"image\/png"}],"twitter_card":"summary_large_image","schema":{"@context":"https:\/\/schema.org","@graph":[{"@type":"WebPage","@id":"https:\/\/zerachem.com\/producto\/antiespumante-antifoamzera-powder-alimentario\/","url":"https:\/\/zerachem.com\/producto\/antiespumante-antifoamzera-powder-alimentario\/","name":"Antiespumante Antifoamzera Powder Food Grade - Zerachem","isPartOf":{"@id":"https:\/\/zerachem.com\/#website"},"primaryImageOfPage":{"@id":"https:\/\/zerachem.com\/producto\/antiespumante-antifoamzera-powder-alimentario\/#primaryimage"},"image":{"@id":"https:\/\/zerachem.com\/producto\/antiespumante-antifoamzera-powder-alimentario\/#primaryimage"},"thumbnailUrl":"https:\/\/zerachem.com\/wp-content\/uploads\/2025\/12\/23-08-2025-Pagina-web-imagenes-productos-42.png","datePublished":"2026-01-23T15:32:37+00:00","dateModified":"2026-02-05T15:24:09+00:00","breadcrumb":{"@id":"https:\/\/zerachem.com\/producto\/antiespumante-antifoamzera-powder-alimentario\/#breadcrumb"},"inLanguage":"en-US","potentialAction":[{"@type":"ReadAction","target":["https:\/\/zerachem.com\/producto\/antiespumante-antifoamzera-powder-alimentario\/"]}]},{"@type":"ImageObject","inLanguage":"en-US","@id":"https:\/\/zerachem.com\/producto\/antiespumante-antifoamzera-powder-alimentario\/#primaryimage","url":"https:\/\/zerachem.com\/wp-content\/uploads\/2025\/12\/23-08-2025-Pagina-web-imagenes-productos-42.png","contentUrl":"https:\/\/zerachem.com\/wp-content\/uploads\/2025\/12\/23-08-2025-Pagina-web-imagenes-productos-42.png","width":540,"height":540,"caption":"Antiespumante en Polvo"},{"@type":"BreadcrumbList","@id":"https:\/\/zerachem.com\/producto\/antiespumante-antifoamzera-powder-alimentario\/#breadcrumb","itemListElement":[{"@type":"ListItem","position":1,"name":"Portada","item":"https:\/\/zerachem.com\/"},{"@type":"ListItem","position":2,"name":"Tienda","item":"http:\/\/zerachem.com\/en\/tienda\/"},{"@type":"ListItem","position":3,"name":"Antiespumante Antifoamzera Powder Food Grade"}]},{"@type":"WebSite","@id":"https:\/\/zerachem.com\/#website","url":"https:\/\/zerachem.com\/","name":"Zerachem","description":"Materias Primas Qu&iacute;micas para Colombia y el Mundo","potentialAction":[{"@type":"SearchAction","target":{"@type":"EntryPoint","urlTemplate":"https:\/\/zerachem.com\/?s={search_term_string}"},"query-input":{"@type":"PropertyValueSpecification","valueRequired":true,"valueName":"search_term_string"}}],"inLanguage":"en-US"}]}},"_links":{"self":[{"href":"https:\/\/zerachem.com\/en\/wp-json\/wp\/v2\/product\/12957","targetHints":{"allow":["GET"]}}],"collection":[{"href":"https:\/\/zerachem.com\/en\/wp-json\/wp\/v2\/product"}],"about":[{"href":"https:\/\/zerachem.com\/en\/wp-json\/wp\/v2\/types\/product"}],"replies":[{"embeddable":true,"href":"https:\/\/zerachem.com\/en\/wp-json\/wp\/v2\/comments?post=12957"}],"wp:featuredmedia":[{"embeddable":true,"href":"https:\/\/zerachem.com\/en\/wp-json\/wp\/v2\/media\/10121"}],"wp:attachment":[{"href":"https:\/\/zerachem.com\/en\/wp-json\/wp\/v2\/media?parent=12957"}],"wp:term":[{"taxonomy":"product_brand","embeddable":true,"href":"https:\/\/zerachem.com\/en\/wp-json\/wp\/v2\/product_brand?post=12957"},{"taxonomy":"product_cat","embeddable":true,"href":"https:\/\/zerachem.com\/en\/wp-json\/wp\/v2\/product_cat?post=12957"},{"taxonomy":"product_tag","embeddable":true,"href":"https:\/\/zerachem.com\/en\/wp-json\/wp\/v2\/product_tag?post=12957"}],"curies":[{"name":"wp","href":"https:\/\/api.w.org\/{rel}","templated":true}]}}