{"id":4764,"date":"2025-12-09T08:09:47","date_gmt":"2025-12-09T13:09:47","guid":{"rendered":"https:\/\/casaquintamelgar.com\/?post_type=product&#038;p=4764"},"modified":"2026-02-05T11:36:03","modified_gmt":"2026-02-05T16:36:03","slug":"antifoamzera-a30","status":"publish","type":"product","link":"https:\/\/zerachem.com\/en\/product\/antifoamzera-a30\/","title":{"rendered":"Antifoamzera A30 Defoamer"},"content":{"rendered":"","protected":false},"excerpt":{"rendered":"<p>El antiespumante siliconado A30 es un aditivo KOSHER con est\u00e1ndar USP altamente eficaz para el control y la eliminaci\u00f3n de espumas.<\/p>\n<p>Su formulaci\u00f3n basada en silicona garantiza alta eficiencia y compatibilidad; se utiliza en industrias qu\u00edmicas, alimentarias y farmac\u00e9uticas, mejorando la productividad y evitando problemas por formaci\u00f3n de espuma.<\/p>\n<p><img decoding=\"async\" class=\"alignnone wp-image-11898\" src=\"https:\/\/zerachem.com\/wp-content\/uploads\/2026\/01\/base-logo-nuevo-kosher-300x229.png\" alt=\"\" width=\"139\" height=\"106\" srcset=\"https:\/\/zerachem.com\/wp-content\/uploads\/2026\/01\/base-logo-nuevo-kosher-300x229.png 300w, https:\/\/zerachem.com\/wp-content\/uploads\/2026\/01\/base-logo-nuevo-kosher-500x381.png 500w, https:\/\/zerachem.com\/wp-content\/uploads\/2026\/01\/base-logo-nuevo-kosher-64x49.png 64w, https:\/\/zerachem.com\/wp-content\/uploads\/2026\/01\/base-logo-nuevo-kosher.png 621w\" sizes=\"(max-width: 139px) 100vw, 139px\" \/><\/p>\n<p>&nbsp;<\/p>\n<p><a href=\"https:\/\/api.whatsapp.com\/send\/?phone=3202472445&amp;text&amp;type=phone_number&amp;app_absent=0\"><img decoding=\"async\" class=\"alignnone wp-image-2191\" src=\"https:\/\/casaquintamelgar.com\/wp-content\/uploads\/2026\/01\/muestrasincosto.png\" alt=\"\" width=\"270\" height=\"46\" \/><\/a><\/p>","protected":false},"featured_media":4765,"comment_status":"open","ping_status":"closed","template":"","meta":[],"product_brand":[],"product_cat":[27],"product_tag":[],"class_list":{"0":"post-4764","1":"product","2":"type-product","3":"status-publish","4":"has-post-thumbnail","6":"product_cat-antiespumantes-para-alimentos","8":"first","9":"instock","10":"taxable","11":"shipping-taxable","12":"product-type-simple"},"yoast_head":"<!-- This site is optimized with the Yoast SEO plugin v27.0 - https:\/\/yoast.com\/product\/yoast-seo-wordpress\/ -->\n<title>Antiespumante Antifoamzera A30 - Zerachem<\/title>\n<meta name=\"robots\" content=\"index, follow, max-snippet:-1, max-image-preview:large, max-video-preview:-1\" \/>\n<link rel=\"canonical\" href=\"https:\/\/zerachem.com\/en\/product\/antifoamzera-a30\/\" \/>\n<meta property=\"og:locale\" content=\"en_US\" \/>\n<meta property=\"og:type\" content=\"article\" \/>\n<meta property=\"og:title\" content=\"Antiespumante Antifoamzera A30 - Zerachem\" \/>\n<meta property=\"og:description\" content=\"El antiespumante siliconado A30 es un aditivo KOSHER con est\u00e1ndar USP altamente eficaz para el control y la eliminaci\u00f3n de espumas.  Su formulaci\u00f3n basada en silicona garantiza alta eficiencia y compatibilidad; se utiliza en industrias qu\u00edmicas, alimentarias y farmac\u00e9uticas, mejorando la productividad y evitando problemas por formaci\u00f3n de espuma.    &nbsp;\" \/>\n<meta property=\"og:url\" content=\"https:\/\/zerachem.com\/en\/product\/antifoamzera-a30\/\" \/>\n<meta property=\"og:site_name\" content=\"Zerachem\" \/>\n<meta property=\"article:modified_time\" content=\"2026-02-05T16:36:03+00:00\" \/>\n<meta property=\"og:image\" content=\"https:\/\/zerachem.com\/wp-content\/uploads\/2025\/12\/23-08-2025-Pagina-web-imagenes-productos-03.png\" \/>\n\t<meta property=\"og:image:width\" content=\"540\" \/>\n\t<meta property=\"og:image:height\" content=\"540\" \/>\n\t<meta property=\"og:image:type\" content=\"image\/png\" \/>\n<meta name=\"twitter:card\" content=\"summary_large_image\" \/>\n<script type=\"application\/ld+json\" class=\"yoast-schema-graph\">{\"@context\":\"https:\/\/schema.org\",\"@graph\":[{\"@type\":\"WebPage\",\"@id\":\"https:\/\/zerachem.com\/producto\/antifoamzera-a30\/\",\"url\":\"https:\/\/zerachem.com\/producto\/antifoamzera-a30\/\",\"name\":\"Antiespumante Antifoamzera A30 - Zerachem\",\"isPartOf\":{\"@id\":\"https:\/\/zerachem.com\/#website\"},\"primaryImageOfPage\":{\"@id\":\"https:\/\/zerachem.com\/producto\/antifoamzera-a30\/#primaryimage\"},\"image\":{\"@id\":\"https:\/\/zerachem.com\/producto\/antifoamzera-a30\/#primaryimage\"},\"thumbnailUrl\":\"https:\/\/zerachem.com\/wp-content\/uploads\/2025\/12\/23-08-2025-Pagina-web-imagenes-productos-03.png\",\"datePublished\":\"2025-12-09T13:09:47+00:00\",\"dateModified\":\"2026-02-05T16:36:03+00:00\",\"breadcrumb\":{\"@id\":\"https:\/\/zerachem.com\/producto\/antifoamzera-a30\/#breadcrumb\"},\"inLanguage\":\"en-US\",\"potentialAction\":[{\"@type\":\"ReadAction\",\"target\":[\"https:\/\/zerachem.com\/producto\/antifoamzera-a30\/\"]}]},{\"@type\":\"ImageObject\",\"inLanguage\":\"en-US\",\"@id\":\"https:\/\/zerachem.com\/producto\/antifoamzera-a30\/#primaryimage\",\"url\":\"https:\/\/zerachem.com\/wp-content\/uploads\/2025\/12\/23-08-2025-Pagina-web-imagenes-productos-03.png\",\"contentUrl\":\"https:\/\/zerachem.com\/wp-content\/uploads\/2025\/12\/23-08-2025-Pagina-web-imagenes-productos-03.png\",\"width\":540,\"height\":540,\"caption\":\"Antiespumantes\"},{\"@type\":\"BreadcrumbList\",\"@id\":\"https:\/\/zerachem.com\/producto\/antifoamzera-a30\/#breadcrumb\",\"itemListElement\":[{\"@type\":\"ListItem\",\"position\":1,\"name\":\"Portada\",\"item\":\"https:\/\/zerachem.com\/\"},{\"@type\":\"ListItem\",\"position\":2,\"name\":\"Tienda\",\"item\":\"http:\/\/zerachem.com\/en\/tienda\/\"},{\"@type\":\"ListItem\",\"position\":3,\"name\":\"Antiespumante Antifoamzera A30\"}]},{\"@type\":\"WebSite\",\"@id\":\"https:\/\/zerachem.com\/#website\",\"url\":\"https:\/\/zerachem.com\/\",\"name\":\"Zerachem\",\"description\":\"Materias Primas Qu&iacute;micas para Colombia y el Mundo\",\"potentialAction\":[{\"@type\":\"SearchAction\",\"target\":{\"@type\":\"EntryPoint\",\"urlTemplate\":\"https:\/\/zerachem.com\/?s={search_term_string}\"},\"query-input\":{\"@type\":\"PropertyValueSpecification\",\"valueRequired\":true,\"valueName\":\"search_term_string\"}}],\"inLanguage\":\"en-US\"}]}<\/script>\n<!-- \/ Yoast SEO plugin. -->","yoast_head_json":{"title":"Antiespumante Antifoamzera A30 - Zerachem","robots":{"index":"index","follow":"follow","max-snippet":"max-snippet:-1","max-image-preview":"max-image-preview:large","max-video-preview":"max-video-preview:-1"},"canonical":"https:\/\/zerachem.com\/en\/product\/antifoamzera-a30\/","og_locale":"en_US","og_type":"article","og_title":"Antiespumante Antifoamzera A30 - Zerachem","og_description":"El antiespumante siliconado A30 es un aditivo KOSHER con est\u00e1ndar USP altamente eficaz para el control y la eliminaci\u00f3n de espumas.  Su formulaci\u00f3n basada en silicona garantiza alta eficiencia y compatibilidad; se utiliza en industrias qu\u00edmicas, alimentarias y farmac\u00e9uticas, mejorando la productividad y evitando problemas por formaci\u00f3n de espuma.    &nbsp;","og_url":"https:\/\/zerachem.com\/en\/product\/antifoamzera-a30\/","og_site_name":"Zerachem","article_modified_time":"2026-02-05T16:36:03+00:00","og_image":[{"width":540,"height":540,"url":"https:\/\/zerachem.com\/wp-content\/uploads\/2025\/12\/23-08-2025-Pagina-web-imagenes-productos-03.png","type":"image\/png"}],"twitter_card":"summary_large_image","schema":{"@context":"https:\/\/schema.org","@graph":[{"@type":"WebPage","@id":"https:\/\/zerachem.com\/producto\/antifoamzera-a30\/","url":"https:\/\/zerachem.com\/producto\/antifoamzera-a30\/","name":"Antiespumante Antifoamzera A30 - Zerachem","isPartOf":{"@id":"https:\/\/zerachem.com\/#website"},"primaryImageOfPage":{"@id":"https:\/\/zerachem.com\/producto\/antifoamzera-a30\/#primaryimage"},"image":{"@id":"https:\/\/zerachem.com\/producto\/antifoamzera-a30\/#primaryimage"},"thumbnailUrl":"https:\/\/zerachem.com\/wp-content\/uploads\/2025\/12\/23-08-2025-Pagina-web-imagenes-productos-03.png","datePublished":"2025-12-09T13:09:47+00:00","dateModified":"2026-02-05T16:36:03+00:00","breadcrumb":{"@id":"https:\/\/zerachem.com\/producto\/antifoamzera-a30\/#breadcrumb"},"inLanguage":"en-US","potentialAction":[{"@type":"ReadAction","target":["https:\/\/zerachem.com\/producto\/antifoamzera-a30\/"]}]},{"@type":"ImageObject","inLanguage":"en-US","@id":"https:\/\/zerachem.com\/producto\/antifoamzera-a30\/#primaryimage","url":"https:\/\/zerachem.com\/wp-content\/uploads\/2025\/12\/23-08-2025-Pagina-web-imagenes-productos-03.png","contentUrl":"https:\/\/zerachem.com\/wp-content\/uploads\/2025\/12\/23-08-2025-Pagina-web-imagenes-productos-03.png","width":540,"height":540,"caption":"Antiespumantes"},{"@type":"BreadcrumbList","@id":"https:\/\/zerachem.com\/producto\/antifoamzera-a30\/#breadcrumb","itemListElement":[{"@type":"ListItem","position":1,"name":"Portada","item":"https:\/\/zerachem.com\/"},{"@type":"ListItem","position":2,"name":"Tienda","item":"http:\/\/zerachem.com\/en\/tienda\/"},{"@type":"ListItem","position":3,"name":"Antiespumante Antifoamzera A30"}]},{"@type":"WebSite","@id":"https:\/\/zerachem.com\/#website","url":"https:\/\/zerachem.com\/","name":"Zerachem","description":"Materias Primas Qu&iacute;micas para Colombia y el Mundo","potentialAction":[{"@type":"SearchAction","target":{"@type":"EntryPoint","urlTemplate":"https:\/\/zerachem.com\/?s={search_term_string}"},"query-input":{"@type":"PropertyValueSpecification","valueRequired":true,"valueName":"search_term_string"}}],"inLanguage":"en-US"}]}},"_links":{"self":[{"href":"https:\/\/zerachem.com\/en\/wp-json\/wp\/v2\/product\/4764","targetHints":{"allow":["GET"]}}],"collection":[{"href":"https:\/\/zerachem.com\/en\/wp-json\/wp\/v2\/product"}],"about":[{"href":"https:\/\/zerachem.com\/en\/wp-json\/wp\/v2\/types\/product"}],"replies":[{"embeddable":true,"href":"https:\/\/zerachem.com\/en\/wp-json\/wp\/v2\/comments?post=4764"}],"wp:featuredmedia":[{"embeddable":true,"href":"https:\/\/zerachem.com\/en\/wp-json\/wp\/v2\/media\/4765"}],"wp:attachment":[{"href":"https:\/\/zerachem.com\/en\/wp-json\/wp\/v2\/media?parent=4764"}],"wp:term":[{"taxonomy":"product_brand","embeddable":true,"href":"https:\/\/zerachem.com\/en\/wp-json\/wp\/v2\/product_brand?post=4764"},{"taxonomy":"product_cat","embeddable":true,"href":"https:\/\/zerachem.com\/en\/wp-json\/wp\/v2\/product_cat?post=4764"},{"taxonomy":"product_tag","embeddable":true,"href":"https:\/\/zerachem.com\/en\/wp-json\/wp\/v2\/product_tag?post=4764"}],"curies":[{"name":"wp","href":"https:\/\/api.w.org\/{rel}","templated":true}]}}