{"id":4772,"date":"2025-12-09T08:29:38","date_gmt":"2025-12-09T13:29:38","guid":{"rendered":"https:\/\/casaquintamelgar.com\/?post_type=product&#038;p=4772"},"modified":"2026-02-09T17:06:42","modified_gmt":"2026-02-09T22:06:42","slug":"antifoamzera-i30","status":"publish","type":"product","link":"https:\/\/zerachem.com\/en\/product\/antifoamzera-i30\/","title":{"rendered":"Antifoamzera I30 Defoamer"},"content":{"rendered":"","protected":false},"excerpt":{"rendered":"<p>El Antiespumante I30 es una soluci\u00f3n vers\u00e1til de alto desempe\u00f1o, desarrollada para el control eficiente de espuma en una amplia gama de industrias; se utiliza en procesos qu\u00edmicos generales, en la industria textil durante las etapas de te\u00f1ido y acabado, en la fabricaci\u00f3n de \u00e1cidos, en operaciones de lavado industrial y de botellas, en la producci\u00f3n de papel, en el tratamiento de aguas residuales y en aplicaciones de petr\u00f3leo y gas.<\/p>\n<p>Su desempe\u00f1o confiable garantiza la continuidad operativa, la eficiencia del proceso y la calidad en cada etapa productiva.<\/p>\n<p>&nbsp;<\/p>\n<p><a href=\"https:\/\/api.whatsapp.com\/send\/?phone=3202472445&amp;text&amp;type=phone_number&amp;app_absent=0\"><img decoding=\"async\" class=\"alignnone wp-image-2191\" src=\"https:\/\/casaquintamelgar.com\/wp-content\/uploads\/2026\/01\/muestrasincosto.png\" alt=\"\" width=\"270\" height=\"46\" \/><\/a><\/p>","protected":false},"featured_media":10113,"comment_status":"closed","ping_status":"closed","template":"","meta":[],"product_brand":[],"product_cat":[28],"product_tag":[],"class_list":{"0":"post-4772","1":"product","2":"type-product","3":"status-publish","4":"has-post-thumbnail","6":"product_cat-antiespumantes-para-la-industria","8":"first","9":"instock","10":"taxable","11":"shipping-taxable","12":"product-type-simple"},"yoast_head":"<!-- This site is optimized with the Yoast SEO plugin v27.0 - https:\/\/yoast.com\/product\/yoast-seo-wordpress\/ -->\n<title>Antiespumante Antifoamzera I30 - Zerachem<\/title>\n<meta name=\"robots\" content=\"index, follow, max-snippet:-1, max-image-preview:large, max-video-preview:-1\" \/>\n<link rel=\"canonical\" href=\"https:\/\/zerachem.com\/en\/product\/antifoamzera-i30\/\" \/>\n<meta property=\"og:locale\" content=\"en_US\" \/>\n<meta property=\"og:type\" content=\"article\" \/>\n<meta property=\"og:title\" content=\"Antiespumante Antifoamzera I30 - Zerachem\" \/>\n<meta property=\"og:description\" content=\"El Antiespumante I30 es una soluci\u00f3n vers\u00e1til de alto desempe\u00f1o, desarrollada para el control eficiente de espuma en una amplia gama de industrias; se utiliza en procesos qu\u00edmicos generales, en la industria textil durante las etapas de te\u00f1ido y acabado, en la fabricaci\u00f3n de \u00e1cidos, en operaciones de lavado industrial y de botellas, en la producci\u00f3n de papel, en el tratamiento de aguas residuales y en aplicaciones de petr\u00f3leo y gas.  Su desempe\u00f1o confiable garantiza la continuidad operativa, la eficiencia del proceso y la calidad en cada etapa productiva.  &nbsp;\" \/>\n<meta property=\"og:url\" content=\"https:\/\/zerachem.com\/en\/product\/antifoamzera-i30\/\" \/>\n<meta property=\"og:site_name\" content=\"Zerachem\" \/>\n<meta property=\"article:modified_time\" content=\"2026-02-09T22:06:42+00:00\" \/>\n<meta property=\"og:image\" content=\"https:\/\/zerachem.com\/wp-content\/uploads\/2025\/12\/23-08-2025-Pagina-web-imagenes-productos-32.png\" \/>\n\t<meta property=\"og:image:width\" content=\"540\" \/>\n\t<meta property=\"og:image:height\" content=\"540\" \/>\n\t<meta property=\"og:image:type\" content=\"image\/png\" \/>\n<meta name=\"twitter:card\" content=\"summary_large_image\" \/>\n<script type=\"application\/ld+json\" class=\"yoast-schema-graph\">{\"@context\":\"https:\/\/schema.org\",\"@graph\":[{\"@type\":\"WebPage\",\"@id\":\"https:\/\/zerachem.com\/producto\/antifoamzera-i30\/\",\"url\":\"https:\/\/zerachem.com\/producto\/antifoamzera-i30\/\",\"name\":\"Antiespumante Antifoamzera I30 - Zerachem\",\"isPartOf\":{\"@id\":\"https:\/\/zerachem.com\/#website\"},\"primaryImageOfPage\":{\"@id\":\"https:\/\/zerachem.com\/producto\/antifoamzera-i30\/#primaryimage\"},\"image\":{\"@id\":\"https:\/\/zerachem.com\/producto\/antifoamzera-i30\/#primaryimage\"},\"thumbnailUrl\":\"https:\/\/zerachem.com\/wp-content\/uploads\/2025\/12\/23-08-2025-Pagina-web-imagenes-productos-32.png\",\"datePublished\":\"2025-12-09T13:29:38+00:00\",\"dateModified\":\"2026-02-09T22:06:42+00:00\",\"breadcrumb\":{\"@id\":\"https:\/\/zerachem.com\/producto\/antifoamzera-i30\/#breadcrumb\"},\"inLanguage\":\"en-US\",\"potentialAction\":[{\"@type\":\"ReadAction\",\"target\":[\"https:\/\/zerachem.com\/producto\/antifoamzera-i30\/\"]}]},{\"@type\":\"ImageObject\",\"inLanguage\":\"en-US\",\"@id\":\"https:\/\/zerachem.com\/producto\/antifoamzera-i30\/#primaryimage\",\"url\":\"https:\/\/zerachem.com\/wp-content\/uploads\/2025\/12\/23-08-2025-Pagina-web-imagenes-productos-32.png\",\"contentUrl\":\"https:\/\/zerachem.com\/wp-content\/uploads\/2025\/12\/23-08-2025-Pagina-web-imagenes-productos-32.png\",\"width\":540,\"height\":540,\"caption\":\"Antifoamzera I30\"},{\"@type\":\"BreadcrumbList\",\"@id\":\"https:\/\/zerachem.com\/producto\/antifoamzera-i30\/#breadcrumb\",\"itemListElement\":[{\"@type\":\"ListItem\",\"position\":1,\"name\":\"Portada\",\"item\":\"https:\/\/zerachem.com\/\"},{\"@type\":\"ListItem\",\"position\":2,\"name\":\"Tienda\",\"item\":\"http:\/\/zerachem.com\/en\/tienda\/\"},{\"@type\":\"ListItem\",\"position\":3,\"name\":\"Antiespumante Antifoamzera I30\"}]},{\"@type\":\"WebSite\",\"@id\":\"https:\/\/zerachem.com\/#website\",\"url\":\"https:\/\/zerachem.com\/\",\"name\":\"Zerachem\",\"description\":\"Materias Primas Qu&iacute;micas para Colombia y el Mundo\",\"potentialAction\":[{\"@type\":\"SearchAction\",\"target\":{\"@type\":\"EntryPoint\",\"urlTemplate\":\"https:\/\/zerachem.com\/?s={search_term_string}\"},\"query-input\":{\"@type\":\"PropertyValueSpecification\",\"valueRequired\":true,\"valueName\":\"search_term_string\"}}],\"inLanguage\":\"en-US\"}]}<\/script>\n<!-- \/ Yoast SEO plugin. -->","yoast_head_json":{"title":"Antiespumante Antifoamzera I30 - Zerachem","robots":{"index":"index","follow":"follow","max-snippet":"max-snippet:-1","max-image-preview":"max-image-preview:large","max-video-preview":"max-video-preview:-1"},"canonical":"https:\/\/zerachem.com\/en\/product\/antifoamzera-i30\/","og_locale":"en_US","og_type":"article","og_title":"Antiespumante Antifoamzera I30 - Zerachem","og_description":"El Antiespumante I30 es una soluci\u00f3n vers\u00e1til de alto desempe\u00f1o, desarrollada para el control eficiente de espuma en una amplia gama de industrias; se utiliza en procesos qu\u00edmicos generales, en la industria textil durante las etapas de te\u00f1ido y acabado, en la fabricaci\u00f3n de \u00e1cidos, en operaciones de lavado industrial y de botellas, en la producci\u00f3n de papel, en el tratamiento de aguas residuales y en aplicaciones de petr\u00f3leo y gas.  Su desempe\u00f1o confiable garantiza la continuidad operativa, la eficiencia del proceso y la calidad en cada etapa productiva.  &nbsp;","og_url":"https:\/\/zerachem.com\/en\/product\/antifoamzera-i30\/","og_site_name":"Zerachem","article_modified_time":"2026-02-09T22:06:42+00:00","og_image":[{"width":540,"height":540,"url":"https:\/\/zerachem.com\/wp-content\/uploads\/2025\/12\/23-08-2025-Pagina-web-imagenes-productos-32.png","type":"image\/png"}],"twitter_card":"summary_large_image","schema":{"@context":"https:\/\/schema.org","@graph":[{"@type":"WebPage","@id":"https:\/\/zerachem.com\/producto\/antifoamzera-i30\/","url":"https:\/\/zerachem.com\/producto\/antifoamzera-i30\/","name":"Antiespumante Antifoamzera I30 - Zerachem","isPartOf":{"@id":"https:\/\/zerachem.com\/#website"},"primaryImageOfPage":{"@id":"https:\/\/zerachem.com\/producto\/antifoamzera-i30\/#primaryimage"},"image":{"@id":"https:\/\/zerachem.com\/producto\/antifoamzera-i30\/#primaryimage"},"thumbnailUrl":"https:\/\/zerachem.com\/wp-content\/uploads\/2025\/12\/23-08-2025-Pagina-web-imagenes-productos-32.png","datePublished":"2025-12-09T13:29:38+00:00","dateModified":"2026-02-09T22:06:42+00:00","breadcrumb":{"@id":"https:\/\/zerachem.com\/producto\/antifoamzera-i30\/#breadcrumb"},"inLanguage":"en-US","potentialAction":[{"@type":"ReadAction","target":["https:\/\/zerachem.com\/producto\/antifoamzera-i30\/"]}]},{"@type":"ImageObject","inLanguage":"en-US","@id":"https:\/\/zerachem.com\/producto\/antifoamzera-i30\/#primaryimage","url":"https:\/\/zerachem.com\/wp-content\/uploads\/2025\/12\/23-08-2025-Pagina-web-imagenes-productos-32.png","contentUrl":"https:\/\/zerachem.com\/wp-content\/uploads\/2025\/12\/23-08-2025-Pagina-web-imagenes-productos-32.png","width":540,"height":540,"caption":"Antifoamzera I30"},{"@type":"BreadcrumbList","@id":"https:\/\/zerachem.com\/producto\/antifoamzera-i30\/#breadcrumb","itemListElement":[{"@type":"ListItem","position":1,"name":"Portada","item":"https:\/\/zerachem.com\/"},{"@type":"ListItem","position":2,"name":"Tienda","item":"http:\/\/zerachem.com\/en\/tienda\/"},{"@type":"ListItem","position":3,"name":"Antiespumante Antifoamzera I30"}]},{"@type":"WebSite","@id":"https:\/\/zerachem.com\/#website","url":"https:\/\/zerachem.com\/","name":"Zerachem","description":"Materias Primas Qu&iacute;micas para Colombia y el Mundo","potentialAction":[{"@type":"SearchAction","target":{"@type":"EntryPoint","urlTemplate":"https:\/\/zerachem.com\/?s={search_term_string}"},"query-input":{"@type":"PropertyValueSpecification","valueRequired":true,"valueName":"search_term_string"}}],"inLanguage":"en-US"}]}},"_links":{"self":[{"href":"https:\/\/zerachem.com\/en\/wp-json\/wp\/v2\/product\/4772","targetHints":{"allow":["GET"]}}],"collection":[{"href":"https:\/\/zerachem.com\/en\/wp-json\/wp\/v2\/product"}],"about":[{"href":"https:\/\/zerachem.com\/en\/wp-json\/wp\/v2\/types\/product"}],"replies":[{"embeddable":true,"href":"https:\/\/zerachem.com\/en\/wp-json\/wp\/v2\/comments?post=4772"}],"wp:featuredmedia":[{"embeddable":true,"href":"https:\/\/zerachem.com\/en\/wp-json\/wp\/v2\/media\/10113"}],"wp:attachment":[{"href":"https:\/\/zerachem.com\/en\/wp-json\/wp\/v2\/media?parent=4772"}],"wp:term":[{"taxonomy":"product_brand","embeddable":true,"href":"https:\/\/zerachem.com\/en\/wp-json\/wp\/v2\/product_brand?post=4772"},{"taxonomy":"product_cat","embeddable":true,"href":"https:\/\/zerachem.com\/en\/wp-json\/wp\/v2\/product_cat?post=4772"},{"taxonomy":"product_tag","embeddable":true,"href":"https:\/\/zerachem.com\/en\/wp-json\/wp\/v2\/product_tag?post=4772"}],"curies":[{"name":"wp","href":"https:\/\/api.w.org\/{rel}","templated":true}]}}