{"id":4778,"date":"2025-12-09T08:41:01","date_gmt":"2025-12-09T13:41:01","guid":{"rendered":"https:\/\/casaquintamelgar.com\/?post_type=product&#038;p=4778"},"modified":"2026-02-10T17:48:41","modified_gmt":"2026-02-10T22:48:41","slug":"emulcrema","status":"publish","type":"product","link":"https:\/\/zerachem.com\/en\/product\/emulcrema\/","title":{"rendered":"EmulCrema \u2013 Silicone Emulsion"},"content":{"rendered":"","protected":false},"excerpt":{"rendered":"<p>EmulCrema es una crema de silicona con aceites de viscosidad media y emulsificantes no i\u00f3nicos. Protege, lubrica y restaura superficies, formando una pel\u00edcula hidrof\u00f3bica duradera.<\/p>\n<p>Usada en madera, cuero, pl\u00e1sticos y productos de aseo. Mejora apariencia, repele humedad y resiste calor y agentes qu\u00edmicos.<\/p>\n<p>&nbsp;<\/p>\n<p>&nbsp;<\/p>\n<p><a href=\"https:\/\/api.whatsapp.com\/send\/?phone=3202472445&amp;text&amp;type=phone_number&amp;app_absent=0\"><img decoding=\"async\" class=\"alignnone wp-image-2191\" src=\"https:\/\/casaquintamelgar.com\/wp-content\/uploads\/2026\/01\/muestrasincosto.png\" alt=\"\" width=\"270\" height=\"46\" \/><\/a><\/p>","protected":false},"featured_media":9492,"comment_status":"open","ping_status":"closed","template":"","meta":[],"product_brand":[],"product_cat":[29,50],"product_tag":[],"class_list":{"0":"post-4778","1":"product","2":"type-product","3":"status-publish","4":"has-post-thumbnail","6":"product_cat-emulsiones-de-silicona","7":"product_cat-linea-detailling","9":"first","10":"instock","11":"taxable","12":"shipping-taxable","13":"product-type-simple"},"yoast_head":"<!-- This site is optimized with the Yoast SEO plugin v27.0 - https:\/\/yoast.com\/product\/yoast-seo-wordpress\/ -->\n<title>Emulsi\u00f3n de silicona EmulCrema - Zerachem<\/title>\n<meta name=\"robots\" content=\"index, follow, max-snippet:-1, max-image-preview:large, max-video-preview:-1\" \/>\n<link rel=\"canonical\" href=\"http:\/\/zerachem.com\/en\/product\/emulcrema\/\" \/>\n<meta property=\"og:locale\" content=\"en_US\" \/>\n<meta property=\"og:type\" content=\"article\" \/>\n<meta property=\"og:title\" content=\"Emulsi\u00f3n de silicona EmulCrema - Zerachem\" \/>\n<meta property=\"og:description\" content=\"EmulCrema es una crema de silicona con aceites de viscosidad media y emulsificantes no i\u00f3nicos. Protege, lubrica y restaura superficies, formando una pel\u00edcula hidrof\u00f3bica duradera.  Usada en madera, cuero, pl\u00e1sticos y productos de aseo. Mejora apariencia, repele humedad y resiste calor y agentes qu\u00edmicos.  &nbsp;  &nbsp;\" \/>\n<meta property=\"og:url\" content=\"http:\/\/zerachem.com\/en\/product\/emulcrema\/\" \/>\n<meta property=\"og:site_name\" content=\"Zerachem\" \/>\n<meta property=\"article:modified_time\" content=\"2026-02-10T22:48:41+00:00\" \/>\n<meta property=\"og:image\" content=\"https:\/\/zerachem.com\/wp-content\/uploads\/2026\/01\/107.webp\" \/>\n\t<meta property=\"og:image:width\" content=\"540\" \/>\n\t<meta property=\"og:image:height\" content=\"540\" \/>\n\t<meta property=\"og:image:type\" content=\"image\/webp\" \/>\n<meta name=\"twitter:card\" content=\"summary_large_image\" \/>\n<script type=\"application\/ld+json\" class=\"yoast-schema-graph\">{\"@context\":\"https:\/\/schema.org\",\"@graph\":[{\"@type\":\"WebPage\",\"@id\":\"http:\/\/zerachem.com\/en\/product\/emulcrema\/\",\"url\":\"http:\/\/zerachem.com\/en\/product\/emulcrema\/\",\"name\":\"Emulsi\u00f3n de silicona EmulCrema - Zerachem\",\"isPartOf\":{\"@id\":\"https:\/\/zerachem.com\/#website\"},\"primaryImageOfPage\":{\"@id\":\"http:\/\/zerachem.com\/en\/product\/emulcrema\/#primaryimage\"},\"image\":{\"@id\":\"http:\/\/zerachem.com\/en\/product\/emulcrema\/#primaryimage\"},\"thumbnailUrl\":\"https:\/\/zerachem.com\/wp-content\/uploads\/2026\/01\/107.webp\",\"datePublished\":\"2025-12-09T13:41:01+00:00\",\"dateModified\":\"2026-02-10T22:48:41+00:00\",\"breadcrumb\":{\"@id\":\"http:\/\/zerachem.com\/en\/product\/emulcrema\/#breadcrumb\"},\"inLanguage\":\"en-US\",\"potentialAction\":[{\"@type\":\"ReadAction\",\"target\":[\"http:\/\/zerachem.com\/en\/product\/emulcrema\/\"]}]},{\"@type\":\"ImageObject\",\"inLanguage\":\"en-US\",\"@id\":\"http:\/\/zerachem.com\/en\/product\/emulcrema\/#primaryimage\",\"url\":\"https:\/\/zerachem.com\/wp-content\/uploads\/2026\/01\/107.webp\",\"contentUrl\":\"https:\/\/zerachem.com\/wp-content\/uploads\/2026\/01\/107.webp\",\"width\":540,\"height\":540,\"caption\":\"Emulsiones de Silicona\"},{\"@type\":\"BreadcrumbList\",\"@id\":\"http:\/\/zerachem.com\/en\/product\/emulcrema\/#breadcrumb\",\"itemListElement\":[{\"@type\":\"ListItem\",\"position\":1,\"name\":\"Portada\",\"item\":\"https:\/\/zerachem.com\/\"},{\"@type\":\"ListItem\",\"position\":2,\"name\":\"Tienda\",\"item\":\"http:\/\/zerachem.com\/en\/tienda\/\"},{\"@type\":\"ListItem\",\"position\":3,\"name\":\"Emulsi\u00f3n de silicona EmulCrema\"}]},{\"@type\":\"WebSite\",\"@id\":\"https:\/\/zerachem.com\/#website\",\"url\":\"https:\/\/zerachem.com\/\",\"name\":\"Zerachem\",\"description\":\"Materias Primas Qu&iacute;micas para Colombia y el Mundo\",\"potentialAction\":[{\"@type\":\"SearchAction\",\"target\":{\"@type\":\"EntryPoint\",\"urlTemplate\":\"https:\/\/zerachem.com\/?s={search_term_string}\"},\"query-input\":{\"@type\":\"PropertyValueSpecification\",\"valueRequired\":true,\"valueName\":\"search_term_string\"}}],\"inLanguage\":\"en-US\"}]}<\/script>\n<!-- \/ Yoast SEO plugin. -->","yoast_head_json":{"title":"Emulsi\u00f3n de silicona EmulCrema - Zerachem","robots":{"index":"index","follow":"follow","max-snippet":"max-snippet:-1","max-image-preview":"max-image-preview:large","max-video-preview":"max-video-preview:-1"},"canonical":"http:\/\/zerachem.com\/en\/product\/emulcrema\/","og_locale":"en_US","og_type":"article","og_title":"Emulsi\u00f3n de silicona EmulCrema - Zerachem","og_description":"EmulCrema es una crema de silicona con aceites de viscosidad media y emulsificantes no i\u00f3nicos. Protege, lubrica y restaura superficies, formando una pel\u00edcula hidrof\u00f3bica duradera.  Usada en madera, cuero, pl\u00e1sticos y productos de aseo. Mejora apariencia, repele humedad y resiste calor y agentes qu\u00edmicos.  &nbsp;  &nbsp;","og_url":"http:\/\/zerachem.com\/en\/product\/emulcrema\/","og_site_name":"Zerachem","article_modified_time":"2026-02-10T22:48:41+00:00","og_image":[{"width":540,"height":540,"url":"https:\/\/zerachem.com\/wp-content\/uploads\/2026\/01\/107.webp","type":"image\/webp"}],"twitter_card":"summary_large_image","schema":{"@context":"https:\/\/schema.org","@graph":[{"@type":"WebPage","@id":"http:\/\/zerachem.com\/en\/product\/emulcrema\/","url":"http:\/\/zerachem.com\/en\/product\/emulcrema\/","name":"Emulsi\u00f3n de silicona EmulCrema - Zerachem","isPartOf":{"@id":"https:\/\/zerachem.com\/#website"},"primaryImageOfPage":{"@id":"http:\/\/zerachem.com\/en\/product\/emulcrema\/#primaryimage"},"image":{"@id":"http:\/\/zerachem.com\/en\/product\/emulcrema\/#primaryimage"},"thumbnailUrl":"https:\/\/zerachem.com\/wp-content\/uploads\/2026\/01\/107.webp","datePublished":"2025-12-09T13:41:01+00:00","dateModified":"2026-02-10T22:48:41+00:00","breadcrumb":{"@id":"http:\/\/zerachem.com\/en\/product\/emulcrema\/#breadcrumb"},"inLanguage":"en-US","potentialAction":[{"@type":"ReadAction","target":["http:\/\/zerachem.com\/en\/product\/emulcrema\/"]}]},{"@type":"ImageObject","inLanguage":"en-US","@id":"http:\/\/zerachem.com\/en\/product\/emulcrema\/#primaryimage","url":"https:\/\/zerachem.com\/wp-content\/uploads\/2026\/01\/107.webp","contentUrl":"https:\/\/zerachem.com\/wp-content\/uploads\/2026\/01\/107.webp","width":540,"height":540,"caption":"Emulsiones de Silicona"},{"@type":"BreadcrumbList","@id":"http:\/\/zerachem.com\/en\/product\/emulcrema\/#breadcrumb","itemListElement":[{"@type":"ListItem","position":1,"name":"Portada","item":"https:\/\/zerachem.com\/"},{"@type":"ListItem","position":2,"name":"Tienda","item":"http:\/\/zerachem.com\/en\/tienda\/"},{"@type":"ListItem","position":3,"name":"Emulsi\u00f3n de silicona EmulCrema"}]},{"@type":"WebSite","@id":"https:\/\/zerachem.com\/#website","url":"https:\/\/zerachem.com\/","name":"Zerachem","description":"Materias Primas Qu&iacute;micas para Colombia y el Mundo","potentialAction":[{"@type":"SearchAction","target":{"@type":"EntryPoint","urlTemplate":"https:\/\/zerachem.com\/?s={search_term_string}"},"query-input":{"@type":"PropertyValueSpecification","valueRequired":true,"valueName":"search_term_string"}}],"inLanguage":"en-US"}]}},"_links":{"self":[{"href":"https:\/\/zerachem.com\/en\/wp-json\/wp\/v2\/product\/4778","targetHints":{"allow":["GET"]}}],"collection":[{"href":"https:\/\/zerachem.com\/en\/wp-json\/wp\/v2\/product"}],"about":[{"href":"https:\/\/zerachem.com\/en\/wp-json\/wp\/v2\/types\/product"}],"replies":[{"embeddable":true,"href":"https:\/\/zerachem.com\/en\/wp-json\/wp\/v2\/comments?post=4778"}],"wp:featuredmedia":[{"embeddable":true,"href":"https:\/\/zerachem.com\/en\/wp-json\/wp\/v2\/media\/9492"}],"wp:attachment":[{"href":"https:\/\/zerachem.com\/en\/wp-json\/wp\/v2\/media?parent=4778"}],"wp:term":[{"taxonomy":"product_brand","embeddable":true,"href":"https:\/\/zerachem.com\/en\/wp-json\/wp\/v2\/product_brand?post=4778"},{"taxonomy":"product_cat","embeddable":true,"href":"https:\/\/zerachem.com\/en\/wp-json\/wp\/v2\/product_cat?post=4778"},{"taxonomy":"product_tag","embeddable":true,"href":"https:\/\/zerachem.com\/en\/wp-json\/wp\/v2\/product_tag?post=4778"}],"curies":[{"name":"wp","href":"https:\/\/api.w.org\/{rel}","templated":true}]}}