{"id":4780,"date":"2025-12-09T08:43:53","date_gmt":"2025-12-09T13:43:53","guid":{"rendered":"https:\/\/casaquintamelgar.com\/?post_type=product&#038;p=4780"},"modified":"2026-02-05T16:29:26","modified_gmt":"2026-02-05T21:29:26","slug":"zeracar-ind","status":"publish","type":"product","link":"https:\/\/zerachem.com\/en\/product\/zeracar-ind\/","title":{"rendered":"Zeracar IND \u2013 Carnauba Wax"},"content":{"rendered":"","protected":false},"excerpt":{"rendered":"<p>Zeracar es una emulsi\u00f3n de cera de carnauba que forma pel\u00edculas brillantes, resistentes al rayado y la abrasi\u00f3n. Ideal para proteger y pulir pl\u00e1sticos, cueros y superficies recubiertas.<\/p>\n<p>Aplicable con pa\u00f1o o herramienta mec\u00e1nica, ofrece acabado uniforme, alto brillo y durabilidad.<\/p>\n<p>&nbsp;<\/p>\n<p><a href=\"https:\/\/api.whatsapp.com\/send\/?phone=3202472445&amp;text&amp;type=phone_number&amp;app_absent=0\"><img decoding=\"async\" class=\"alignnone wp-image-2191\" src=\"https:\/\/casaquintamelgar.com\/wp-content\/uploads\/2026\/01\/muestrasincosto.png\" alt=\"\" width=\"270\" height=\"46\" \/><\/a><\/p>","protected":false},"featured_media":4781,"comment_status":"open","ping_status":"closed","template":"","meta":[],"product_brand":[],"product_cat":[29],"product_tag":[],"class_list":{"0":"post-4780","1":"product","2":"type-product","3":"status-publish","4":"has-post-thumbnail","6":"product_cat-emulsiones-de-silicona","8":"first","9":"instock","10":"taxable","11":"shipping-taxable","12":"product-type-simple"},"yoast_head":"<!-- This site is optimized with the Yoast SEO plugin v27.0 - https:\/\/yoast.com\/product\/yoast-seo-wordpress\/ -->\n<title>Cera de carnauba Zeracar IND - Zerachem<\/title>\n<meta name=\"robots\" content=\"index, follow, max-snippet:-1, max-image-preview:large, max-video-preview:-1\" \/>\n<link rel=\"canonical\" href=\"https:\/\/zerachem.com\/en\/product\/zeracar-ind\/\" \/>\n<meta property=\"og:locale\" content=\"en_US\" \/>\n<meta property=\"og:type\" content=\"article\" \/>\n<meta property=\"og:title\" content=\"Cera de carnauba Zeracar IND - Zerachem\" \/>\n<meta property=\"og:description\" content=\"Zeracar es una emulsi\u00f3n de cera de carnauba que forma pel\u00edculas brillantes, resistentes al rayado y la abrasi\u00f3n. Ideal para proteger y pulir pl\u00e1sticos, cueros y superficies recubiertas.  Aplicable con pa\u00f1o o herramienta mec\u00e1nica, ofrece acabado uniforme, alto brillo y durabilidad.  &nbsp;\" \/>\n<meta property=\"og:url\" content=\"https:\/\/zerachem.com\/en\/product\/zeracar-ind\/\" \/>\n<meta property=\"og:site_name\" content=\"Zerachem\" \/>\n<meta property=\"article:modified_time\" content=\"2026-02-05T21:29:26+00:00\" \/>\n<meta property=\"og:image\" content=\"https:\/\/zerachem.com\/wp-content\/uploads\/2025\/12\/23-08-2025-Pagina-web-imagenes-productos-11.png\" \/>\n\t<meta property=\"og:image:width\" content=\"540\" \/>\n\t<meta property=\"og:image:height\" content=\"540\" \/>\n\t<meta property=\"og:image:type\" content=\"image\/png\" \/>\n<meta name=\"twitter:card\" content=\"summary_large_image\" \/>\n<script type=\"application\/ld+json\" class=\"yoast-schema-graph\">{\"@context\":\"https:\/\/schema.org\",\"@graph\":[{\"@type\":\"WebPage\",\"@id\":\"https:\/\/zerachem.com\/producto\/zeracar-ind\/\",\"url\":\"https:\/\/zerachem.com\/producto\/zeracar-ind\/\",\"name\":\"Cera de carnauba Zeracar IND - Zerachem\",\"isPartOf\":{\"@id\":\"https:\/\/zerachem.com\/#website\"},\"primaryImageOfPage\":{\"@id\":\"https:\/\/zerachem.com\/producto\/zeracar-ind\/#primaryimage\"},\"image\":{\"@id\":\"https:\/\/zerachem.com\/producto\/zeracar-ind\/#primaryimage\"},\"thumbnailUrl\":\"https:\/\/zerachem.com\/wp-content\/uploads\/2025\/12\/23-08-2025-Pagina-web-imagenes-productos-11.png\",\"datePublished\":\"2025-12-09T13:43:53+00:00\",\"dateModified\":\"2026-02-05T21:29:26+00:00\",\"breadcrumb\":{\"@id\":\"https:\/\/zerachem.com\/producto\/zeracar-ind\/#breadcrumb\"},\"inLanguage\":\"en-US\",\"potentialAction\":[{\"@type\":\"ReadAction\",\"target\":[\"https:\/\/zerachem.com\/producto\/zeracar-ind\/\"]}]},{\"@type\":\"ImageObject\",\"inLanguage\":\"en-US\",\"@id\":\"https:\/\/zerachem.com\/producto\/zeracar-ind\/#primaryimage\",\"url\":\"https:\/\/zerachem.com\/wp-content\/uploads\/2025\/12\/23-08-2025-Pagina-web-imagenes-productos-11.png\",\"contentUrl\":\"https:\/\/zerachem.com\/wp-content\/uploads\/2025\/12\/23-08-2025-Pagina-web-imagenes-productos-11.png\",\"width\":540,\"height\":540,\"caption\":\"Emulsi\u00f3n de Silicona\"},{\"@type\":\"BreadcrumbList\",\"@id\":\"https:\/\/zerachem.com\/producto\/zeracar-ind\/#breadcrumb\",\"itemListElement\":[{\"@type\":\"ListItem\",\"position\":1,\"name\":\"Portada\",\"item\":\"https:\/\/zerachem.com\/\"},{\"@type\":\"ListItem\",\"position\":2,\"name\":\"Tienda\",\"item\":\"http:\/\/zerachem.com\/en\/tienda\/\"},{\"@type\":\"ListItem\",\"position\":3,\"name\":\"Cera de carnauba Zeracar IND\"}]},{\"@type\":\"WebSite\",\"@id\":\"https:\/\/zerachem.com\/#website\",\"url\":\"https:\/\/zerachem.com\/\",\"name\":\"Zerachem\",\"description\":\"Materias Primas Qu&iacute;micas para Colombia y el Mundo\",\"potentialAction\":[{\"@type\":\"SearchAction\",\"target\":{\"@type\":\"EntryPoint\",\"urlTemplate\":\"https:\/\/zerachem.com\/?s={search_term_string}\"},\"query-input\":{\"@type\":\"PropertyValueSpecification\",\"valueRequired\":true,\"valueName\":\"search_term_string\"}}],\"inLanguage\":\"en-US\"}]}<\/script>\n<!-- \/ Yoast SEO plugin. -->","yoast_head_json":{"title":"Cera de carnauba Zeracar IND - Zerachem","robots":{"index":"index","follow":"follow","max-snippet":"max-snippet:-1","max-image-preview":"max-image-preview:large","max-video-preview":"max-video-preview:-1"},"canonical":"https:\/\/zerachem.com\/en\/product\/zeracar-ind\/","og_locale":"en_US","og_type":"article","og_title":"Cera de carnauba Zeracar IND - Zerachem","og_description":"Zeracar es una emulsi\u00f3n de cera de carnauba que forma pel\u00edculas brillantes, resistentes al rayado y la abrasi\u00f3n. Ideal para proteger y pulir pl\u00e1sticos, cueros y superficies recubiertas.  Aplicable con pa\u00f1o o herramienta mec\u00e1nica, ofrece acabado uniforme, alto brillo y durabilidad.  &nbsp;","og_url":"https:\/\/zerachem.com\/en\/product\/zeracar-ind\/","og_site_name":"Zerachem","article_modified_time":"2026-02-05T21:29:26+00:00","og_image":[{"width":540,"height":540,"url":"https:\/\/zerachem.com\/wp-content\/uploads\/2025\/12\/23-08-2025-Pagina-web-imagenes-productos-11.png","type":"image\/png"}],"twitter_card":"summary_large_image","schema":{"@context":"https:\/\/schema.org","@graph":[{"@type":"WebPage","@id":"https:\/\/zerachem.com\/producto\/zeracar-ind\/","url":"https:\/\/zerachem.com\/producto\/zeracar-ind\/","name":"Cera de carnauba Zeracar IND - Zerachem","isPartOf":{"@id":"https:\/\/zerachem.com\/#website"},"primaryImageOfPage":{"@id":"https:\/\/zerachem.com\/producto\/zeracar-ind\/#primaryimage"},"image":{"@id":"https:\/\/zerachem.com\/producto\/zeracar-ind\/#primaryimage"},"thumbnailUrl":"https:\/\/zerachem.com\/wp-content\/uploads\/2025\/12\/23-08-2025-Pagina-web-imagenes-productos-11.png","datePublished":"2025-12-09T13:43:53+00:00","dateModified":"2026-02-05T21:29:26+00:00","breadcrumb":{"@id":"https:\/\/zerachem.com\/producto\/zeracar-ind\/#breadcrumb"},"inLanguage":"en-US","potentialAction":[{"@type":"ReadAction","target":["https:\/\/zerachem.com\/producto\/zeracar-ind\/"]}]},{"@type":"ImageObject","inLanguage":"en-US","@id":"https:\/\/zerachem.com\/producto\/zeracar-ind\/#primaryimage","url":"https:\/\/zerachem.com\/wp-content\/uploads\/2025\/12\/23-08-2025-Pagina-web-imagenes-productos-11.png","contentUrl":"https:\/\/zerachem.com\/wp-content\/uploads\/2025\/12\/23-08-2025-Pagina-web-imagenes-productos-11.png","width":540,"height":540,"caption":"Emulsi\u00f3n de Silicona"},{"@type":"BreadcrumbList","@id":"https:\/\/zerachem.com\/producto\/zeracar-ind\/#breadcrumb","itemListElement":[{"@type":"ListItem","position":1,"name":"Portada","item":"https:\/\/zerachem.com\/"},{"@type":"ListItem","position":2,"name":"Tienda","item":"http:\/\/zerachem.com\/en\/tienda\/"},{"@type":"ListItem","position":3,"name":"Cera de carnauba Zeracar IND"}]},{"@type":"WebSite","@id":"https:\/\/zerachem.com\/#website","url":"https:\/\/zerachem.com\/","name":"Zerachem","description":"Materias Primas Qu&iacute;micas para Colombia y el Mundo","potentialAction":[{"@type":"SearchAction","target":{"@type":"EntryPoint","urlTemplate":"https:\/\/zerachem.com\/?s={search_term_string}"},"query-input":{"@type":"PropertyValueSpecification","valueRequired":true,"valueName":"search_term_string"}}],"inLanguage":"en-US"}]}},"_links":{"self":[{"href":"https:\/\/zerachem.com\/en\/wp-json\/wp\/v2\/product\/4780","targetHints":{"allow":["GET"]}}],"collection":[{"href":"https:\/\/zerachem.com\/en\/wp-json\/wp\/v2\/product"}],"about":[{"href":"https:\/\/zerachem.com\/en\/wp-json\/wp\/v2\/types\/product"}],"replies":[{"embeddable":true,"href":"https:\/\/zerachem.com\/en\/wp-json\/wp\/v2\/comments?post=4780"}],"wp:featuredmedia":[{"embeddable":true,"href":"https:\/\/zerachem.com\/en\/wp-json\/wp\/v2\/media\/4781"}],"wp:attachment":[{"href":"https:\/\/zerachem.com\/en\/wp-json\/wp\/v2\/media?parent=4780"}],"wp:term":[{"taxonomy":"product_brand","embeddable":true,"href":"https:\/\/zerachem.com\/en\/wp-json\/wp\/v2\/product_brand?post=4780"},{"taxonomy":"product_cat","embeddable":true,"href":"https:\/\/zerachem.com\/en\/wp-json\/wp\/v2\/product_cat?post=4780"},{"taxonomy":"product_tag","embeddable":true,"href":"https:\/\/zerachem.com\/en\/wp-json\/wp\/v2\/product_tag?post=4780"}],"curies":[{"name":"wp","href":"https:\/\/api.w.org\/{rel}","templated":true}]}}