{"id":4784,"date":"2025-12-09T08:55:26","date_gmt":"2025-12-09T13:55:26","guid":{"rendered":"https:\/\/casaquintamelgar.com\/?post_type=product&#038;p=4784"},"modified":"2026-02-05T17:05:37","modified_gmt":"2026-02-05T22:05:37","slug":"emulzera","status":"publish","type":"product","link":"https:\/\/zerachem.com\/en\/product\/emulzera\/","title":{"rendered":"Emulzera \u2013 Silicone Emulsion"},"content":{"rendered":"","protected":false},"excerpt":{"rendered":"<p>Es una emulsi\u00f3n de silicona compuesto de siloxanos que ofrece lubricaci\u00f3n, impermeabilidad, brillo, y protecci\u00f3n. Empleado tanto en la industria automotriz, como en el desmoldeo industrial, procesos de limpieza, actividades de cuidado y mantenimiento de textiles y cuero.<\/p>\n<p>Prolonga la vida \u00fatil de piezas, facilita procesos de fabricaci\u00f3n y protege superficies contra factores ambientales, fricci\u00f3n y desgaste.<\/p>\n<p>&nbsp;<\/p>\n<p><a href=\"https:\/\/api.whatsapp.com\/send\/?phone=3202472445&amp;text&amp;type=phone_number&amp;app_absent=0\"><img decoding=\"async\" class=\"alignnone wp-image-2191\" src=\"https:\/\/casaquintamelgar.com\/wp-content\/uploads\/2026\/01\/muestrasincosto.png\" alt=\"\" width=\"270\" height=\"46\" \/><\/a><\/p>","protected":false},"featured_media":10111,"comment_status":"open","ping_status":"closed","template":"","meta":[],"product_brand":[],"product_cat":[29,50],"product_tag":[],"class_list":{"0":"post-4784","1":"product","2":"type-product","3":"status-publish","4":"has-post-thumbnail","6":"product_cat-emulsiones-de-silicona","7":"product_cat-linea-detailling","9":"first","10":"instock","11":"taxable","12":"shipping-taxable","13":"product-type-simple"},"yoast_head":"<!-- This site is optimized with the Yoast SEO plugin v27.0 - https:\/\/yoast.com\/product\/yoast-seo-wordpress\/ -->\n<title>Emulsi\u00f3n de silicona Emulzera - Zerachem<\/title>\n<meta name=\"robots\" content=\"index, follow, max-snippet:-1, max-image-preview:large, max-video-preview:-1\" \/>\n<link rel=\"canonical\" href=\"http:\/\/zerachem.com\/en\/product\/emulzera\/\" \/>\n<meta property=\"og:locale\" content=\"en_US\" \/>\n<meta property=\"og:type\" content=\"article\" \/>\n<meta property=\"og:title\" content=\"Emulsi\u00f3n de silicona Emulzera - Zerachem\" \/>\n<meta property=\"og:description\" content=\"Es una emulsi\u00f3n de silicona compuesto de siloxanos que ofrece lubricaci\u00f3n, impermeabilidad, brillo, y protecci\u00f3n. Empleado tanto en la industria automotriz, como en el desmoldeo industrial, procesos de limpieza, actividades de cuidado y mantenimiento de textiles y cuero.  Prolonga la vida \u00fatil de piezas, facilita procesos de fabricaci\u00f3n y protege superficies contra factores ambientales, fricci\u00f3n y desgaste.  &nbsp;\" \/>\n<meta property=\"og:url\" content=\"http:\/\/zerachem.com\/en\/product\/emulzera\/\" \/>\n<meta property=\"og:site_name\" content=\"Zerachem\" \/>\n<meta property=\"article:modified_time\" content=\"2026-02-05T22:05:37+00:00\" \/>\n<meta property=\"og:image\" content=\"https:\/\/zerachem.com\/wp-content\/uploads\/2025\/12\/23-08-2025-Pagina-web-imagenes-productos-26-1.png\" \/>\n\t<meta property=\"og:image:width\" content=\"540\" \/>\n\t<meta property=\"og:image:height\" content=\"540\" \/>\n\t<meta property=\"og:image:type\" content=\"image\/png\" \/>\n<meta name=\"twitter:card\" content=\"summary_large_image\" \/>\n<script type=\"application\/ld+json\" class=\"yoast-schema-graph\">{\"@context\":\"https:\/\/schema.org\",\"@graph\":[{\"@type\":\"WebPage\",\"@id\":\"http:\/\/zerachem.com\/en\/product\/emulzera\/\",\"url\":\"http:\/\/zerachem.com\/en\/product\/emulzera\/\",\"name\":\"Emulsi\u00f3n de silicona Emulzera - Zerachem\",\"isPartOf\":{\"@id\":\"https:\/\/zerachem.com\/#website\"},\"primaryImageOfPage\":{\"@id\":\"http:\/\/zerachem.com\/en\/product\/emulzera\/#primaryimage\"},\"image\":{\"@id\":\"http:\/\/zerachem.com\/en\/product\/emulzera\/#primaryimage\"},\"thumbnailUrl\":\"https:\/\/zerachem.com\/wp-content\/uploads\/2025\/12\/23-08-2025-Pagina-web-imagenes-productos-26-1.png\",\"datePublished\":\"2025-12-09T13:55:26+00:00\",\"dateModified\":\"2026-02-05T22:05:37+00:00\",\"breadcrumb\":{\"@id\":\"http:\/\/zerachem.com\/en\/product\/emulzera\/#breadcrumb\"},\"inLanguage\":\"en-US\",\"potentialAction\":[{\"@type\":\"ReadAction\",\"target\":[\"http:\/\/zerachem.com\/en\/product\/emulzera\/\"]}]},{\"@type\":\"ImageObject\",\"inLanguage\":\"en-US\",\"@id\":\"http:\/\/zerachem.com\/en\/product\/emulzera\/#primaryimage\",\"url\":\"https:\/\/zerachem.com\/wp-content\/uploads\/2025\/12\/23-08-2025-Pagina-web-imagenes-productos-26-1.png\",\"contentUrl\":\"https:\/\/zerachem.com\/wp-content\/uploads\/2025\/12\/23-08-2025-Pagina-web-imagenes-productos-26-1.png\",\"width\":540,\"height\":540,\"caption\":\"Emulzera\"},{\"@type\":\"BreadcrumbList\",\"@id\":\"http:\/\/zerachem.com\/en\/product\/emulzera\/#breadcrumb\",\"itemListElement\":[{\"@type\":\"ListItem\",\"position\":1,\"name\":\"Portada\",\"item\":\"https:\/\/zerachem.com\/\"},{\"@type\":\"ListItem\",\"position\":2,\"name\":\"Tienda\",\"item\":\"http:\/\/zerachem.com\/en\/tienda\/\"},{\"@type\":\"ListItem\",\"position\":3,\"name\":\"Emulsi\u00f3n de silicona Emulzera\"}]},{\"@type\":\"WebSite\",\"@id\":\"https:\/\/zerachem.com\/#website\",\"url\":\"https:\/\/zerachem.com\/\",\"name\":\"Zerachem\",\"description\":\"Materias Primas Qu&iacute;micas para Colombia y el Mundo\",\"potentialAction\":[{\"@type\":\"SearchAction\",\"target\":{\"@type\":\"EntryPoint\",\"urlTemplate\":\"https:\/\/zerachem.com\/?s={search_term_string}\"},\"query-input\":{\"@type\":\"PropertyValueSpecification\",\"valueRequired\":true,\"valueName\":\"search_term_string\"}}],\"inLanguage\":\"en-US\"}]}<\/script>\n<!-- \/ Yoast SEO plugin. -->","yoast_head_json":{"title":"Emulsi\u00f3n de silicona Emulzera - Zerachem","robots":{"index":"index","follow":"follow","max-snippet":"max-snippet:-1","max-image-preview":"max-image-preview:large","max-video-preview":"max-video-preview:-1"},"canonical":"http:\/\/zerachem.com\/en\/product\/emulzera\/","og_locale":"en_US","og_type":"article","og_title":"Emulsi\u00f3n de silicona Emulzera - Zerachem","og_description":"Es una emulsi\u00f3n de silicona compuesto de siloxanos que ofrece lubricaci\u00f3n, impermeabilidad, brillo, y protecci\u00f3n. Empleado tanto en la industria automotriz, como en el desmoldeo industrial, procesos de limpieza, actividades de cuidado y mantenimiento de textiles y cuero.  Prolonga la vida \u00fatil de piezas, facilita procesos de fabricaci\u00f3n y protege superficies contra factores ambientales, fricci\u00f3n y desgaste.  &nbsp;","og_url":"http:\/\/zerachem.com\/en\/product\/emulzera\/","og_site_name":"Zerachem","article_modified_time":"2026-02-05T22:05:37+00:00","og_image":[{"width":540,"height":540,"url":"https:\/\/zerachem.com\/wp-content\/uploads\/2025\/12\/23-08-2025-Pagina-web-imagenes-productos-26-1.png","type":"image\/png"}],"twitter_card":"summary_large_image","schema":{"@context":"https:\/\/schema.org","@graph":[{"@type":"WebPage","@id":"http:\/\/zerachem.com\/en\/product\/emulzera\/","url":"http:\/\/zerachem.com\/en\/product\/emulzera\/","name":"Emulsi\u00f3n de silicona Emulzera - Zerachem","isPartOf":{"@id":"https:\/\/zerachem.com\/#website"},"primaryImageOfPage":{"@id":"http:\/\/zerachem.com\/en\/product\/emulzera\/#primaryimage"},"image":{"@id":"http:\/\/zerachem.com\/en\/product\/emulzera\/#primaryimage"},"thumbnailUrl":"https:\/\/zerachem.com\/wp-content\/uploads\/2025\/12\/23-08-2025-Pagina-web-imagenes-productos-26-1.png","datePublished":"2025-12-09T13:55:26+00:00","dateModified":"2026-02-05T22:05:37+00:00","breadcrumb":{"@id":"http:\/\/zerachem.com\/en\/product\/emulzera\/#breadcrumb"},"inLanguage":"en-US","potentialAction":[{"@type":"ReadAction","target":["http:\/\/zerachem.com\/en\/product\/emulzera\/"]}]},{"@type":"ImageObject","inLanguage":"en-US","@id":"http:\/\/zerachem.com\/en\/product\/emulzera\/#primaryimage","url":"https:\/\/zerachem.com\/wp-content\/uploads\/2025\/12\/23-08-2025-Pagina-web-imagenes-productos-26-1.png","contentUrl":"https:\/\/zerachem.com\/wp-content\/uploads\/2025\/12\/23-08-2025-Pagina-web-imagenes-productos-26-1.png","width":540,"height":540,"caption":"Emulzera"},{"@type":"BreadcrumbList","@id":"http:\/\/zerachem.com\/en\/product\/emulzera\/#breadcrumb","itemListElement":[{"@type":"ListItem","position":1,"name":"Portada","item":"https:\/\/zerachem.com\/"},{"@type":"ListItem","position":2,"name":"Tienda","item":"http:\/\/zerachem.com\/en\/tienda\/"},{"@type":"ListItem","position":3,"name":"Emulsi\u00f3n de silicona Emulzera"}]},{"@type":"WebSite","@id":"https:\/\/zerachem.com\/#website","url":"https:\/\/zerachem.com\/","name":"Zerachem","description":"Materias Primas Qu&iacute;micas para Colombia y el Mundo","potentialAction":[{"@type":"SearchAction","target":{"@type":"EntryPoint","urlTemplate":"https:\/\/zerachem.com\/?s={search_term_string}"},"query-input":{"@type":"PropertyValueSpecification","valueRequired":true,"valueName":"search_term_string"}}],"inLanguage":"en-US"}]}},"_links":{"self":[{"href":"https:\/\/zerachem.com\/en\/wp-json\/wp\/v2\/product\/4784","targetHints":{"allow":["GET"]}}],"collection":[{"href":"https:\/\/zerachem.com\/en\/wp-json\/wp\/v2\/product"}],"about":[{"href":"https:\/\/zerachem.com\/en\/wp-json\/wp\/v2\/types\/product"}],"replies":[{"embeddable":true,"href":"https:\/\/zerachem.com\/en\/wp-json\/wp\/v2\/comments?post=4784"}],"wp:featuredmedia":[{"embeddable":true,"href":"https:\/\/zerachem.com\/en\/wp-json\/wp\/v2\/media\/10111"}],"wp:attachment":[{"href":"https:\/\/zerachem.com\/en\/wp-json\/wp\/v2\/media?parent=4784"}],"wp:term":[{"taxonomy":"product_brand","embeddable":true,"href":"https:\/\/zerachem.com\/en\/wp-json\/wp\/v2\/product_brand?post=4784"},{"taxonomy":"product_cat","embeddable":true,"href":"https:\/\/zerachem.com\/en\/wp-json\/wp\/v2\/product_cat?post=4784"},{"taxonomy":"product_tag","embeddable":true,"href":"https:\/\/zerachem.com\/en\/wp-json\/wp\/v2\/product_tag?post=4784"}],"curies":[{"name":"wp","href":"https:\/\/api.w.org\/{rel}","templated":true}]}}