{"id":4794,"date":"2025-12-09T09:25:29","date_gmt":"2025-12-09T14:25:29","guid":{"rendered":"https:\/\/casaquintamelgar.com\/?post_type=product&#038;p=4794"},"modified":"2026-02-10T17:51:04","modified_gmt":"2026-02-10T22:51:04","slug":"zeramad-r84","status":"publish","type":"product","link":"https:\/\/zerachem.com\/en\/product\/zeramad-r84\/","title":{"rendered":"Zeramad R84 \u2013 Industrial Cleaner"},"content":{"rendered":"","protected":false},"excerpt":{"rendered":"<p>El limpiador industrial de maderas melam\u00ednicas Zeramad R84 ofrece limpieza profunda y segura en superficies recubiertas, eliminando polvo, residuos y contaminantes sin da\u00f1ar materiales ni cantos sensibles; su formulaci\u00f3n de baja emisi\u00f3n protege al operario y al entorno.<\/p>\n<p>Ideal para industrias de muebles, construcci\u00f3n, decoraci\u00f3n y mantenimiento profesional, optimizando productividad y calidad.<\/p>\n<p>&nbsp;<\/p>\n<p>&nbsp;<\/p>\n<p><a href=\"https:\/\/api.whatsapp.com\/send\/?phone=3202472445&amp;text&amp;type=phone_number&amp;app_absent=0\"><img decoding=\"async\" class=\"alignnone wp-image-2191\" src=\"https:\/\/casaquintamelgar.com\/wp-content\/uploads\/2026\/01\/muestrasincosto.png\" alt=\"\" width=\"270\" height=\"46\" \/><\/a><\/p>","protected":false},"featured_media":4795,"comment_status":"open","ping_status":"closed","template":"","meta":[],"product_brand":[],"product_cat":[30],"product_tag":[],"class_list":{"0":"post-4794","1":"product","2":"type-product","3":"status-publish","4":"has-post-thumbnail","6":"product_cat-limpieza-industrial","8":"first","9":"instock","10":"taxable","11":"shipping-taxable","12":"product-type-simple"},"yoast_head":"<!-- This site is optimized with the Yoast SEO plugin v27.0 - https:\/\/yoast.com\/product\/yoast-seo-wordpress\/ -->\n<title>Limpiador industrial Zeramad R84 - Zerachem<\/title>\n<meta name=\"robots\" content=\"index, follow, max-snippet:-1, max-image-preview:large, max-video-preview:-1\" \/>\n<link rel=\"canonical\" href=\"http:\/\/zerachem.com\/en\/product\/zeramad-r84\/\" \/>\n<meta property=\"og:locale\" content=\"en_US\" \/>\n<meta property=\"og:type\" content=\"article\" \/>\n<meta property=\"og:title\" content=\"Limpiador industrial Zeramad R84 - Zerachem\" \/>\n<meta property=\"og:description\" content=\"El limpiador industrial de maderas melam\u00ednicas Zeramad R84 ofrece limpieza profunda y segura en superficies recubiertas, eliminando polvo, residuos y contaminantes sin da\u00f1ar materiales ni cantos sensibles; su formulaci\u00f3n de baja emisi\u00f3n protege al operario y al entorno.  Ideal para industrias de muebles, construcci\u00f3n, decoraci\u00f3n y mantenimiento profesional, optimizando productividad y calidad.  &nbsp;  &nbsp;\" \/>\n<meta property=\"og:url\" content=\"http:\/\/zerachem.com\/en\/product\/zeramad-r84\/\" \/>\n<meta property=\"og:site_name\" content=\"Zerachem\" \/>\n<meta property=\"article:modified_time\" content=\"2026-02-10T22:51:04+00:00\" \/>\n<meta property=\"og:image\" content=\"https:\/\/zerachem.com\/wp-content\/uploads\/2025\/12\/23-08-2025-Pagina-web-imagenes-productos-29.png\" \/>\n\t<meta property=\"og:image:width\" content=\"540\" \/>\n\t<meta property=\"og:image:height\" content=\"540\" \/>\n\t<meta property=\"og:image:type\" content=\"image\/png\" \/>\n<meta name=\"twitter:card\" content=\"summary_large_image\" \/>\n<script type=\"application\/ld+json\" class=\"yoast-schema-graph\">{\"@context\":\"https:\/\/schema.org\",\"@graph\":[{\"@type\":\"WebPage\",\"@id\":\"http:\/\/zerachem.com\/en\/product\/zeramad-r84\/\",\"url\":\"http:\/\/zerachem.com\/en\/product\/zeramad-r84\/\",\"name\":\"Limpiador industrial Zeramad R84 - Zerachem\",\"isPartOf\":{\"@id\":\"https:\/\/zerachem.com\/#website\"},\"primaryImageOfPage\":{\"@id\":\"http:\/\/zerachem.com\/en\/product\/zeramad-r84\/#primaryimage\"},\"image\":{\"@id\":\"http:\/\/zerachem.com\/en\/product\/zeramad-r84\/#primaryimage\"},\"thumbnailUrl\":\"https:\/\/zerachem.com\/wp-content\/uploads\/2025\/12\/23-08-2025-Pagina-web-imagenes-productos-29.png\",\"datePublished\":\"2025-12-09T14:25:29+00:00\",\"dateModified\":\"2026-02-10T22:51:04+00:00\",\"breadcrumb\":{\"@id\":\"http:\/\/zerachem.com\/en\/product\/zeramad-r84\/#breadcrumb\"},\"inLanguage\":\"en-US\",\"potentialAction\":[{\"@type\":\"ReadAction\",\"target\":[\"http:\/\/zerachem.com\/en\/product\/zeramad-r84\/\"]}]},{\"@type\":\"ImageObject\",\"inLanguage\":\"en-US\",\"@id\":\"http:\/\/zerachem.com\/en\/product\/zeramad-r84\/#primaryimage\",\"url\":\"https:\/\/zerachem.com\/wp-content\/uploads\/2025\/12\/23-08-2025-Pagina-web-imagenes-productos-29.png\",\"contentUrl\":\"https:\/\/zerachem.com\/wp-content\/uploads\/2025\/12\/23-08-2025-Pagina-web-imagenes-productos-29.png\",\"width\":540,\"height\":540,\"caption\":\"Limpieza Industrial\"},{\"@type\":\"BreadcrumbList\",\"@id\":\"http:\/\/zerachem.com\/en\/product\/zeramad-r84\/#breadcrumb\",\"itemListElement\":[{\"@type\":\"ListItem\",\"position\":1,\"name\":\"Portada\",\"item\":\"https:\/\/zerachem.com\/\"},{\"@type\":\"ListItem\",\"position\":2,\"name\":\"Tienda\",\"item\":\"http:\/\/zerachem.com\/en\/tienda\/\"},{\"@type\":\"ListItem\",\"position\":3,\"name\":\"Limpiador industrial Zeramad R84\"}]},{\"@type\":\"WebSite\",\"@id\":\"https:\/\/zerachem.com\/#website\",\"url\":\"https:\/\/zerachem.com\/\",\"name\":\"Zerachem\",\"description\":\"Materias Primas Qu&iacute;micas para Colombia y el Mundo\",\"potentialAction\":[{\"@type\":\"SearchAction\",\"target\":{\"@type\":\"EntryPoint\",\"urlTemplate\":\"https:\/\/zerachem.com\/?s={search_term_string}\"},\"query-input\":{\"@type\":\"PropertyValueSpecification\",\"valueRequired\":true,\"valueName\":\"search_term_string\"}}],\"inLanguage\":\"en-US\"}]}<\/script>\n<!-- \/ Yoast SEO plugin. -->","yoast_head_json":{"title":"Limpiador industrial Zeramad R84 - Zerachem","robots":{"index":"index","follow":"follow","max-snippet":"max-snippet:-1","max-image-preview":"max-image-preview:large","max-video-preview":"max-video-preview:-1"},"canonical":"http:\/\/zerachem.com\/en\/product\/zeramad-r84\/","og_locale":"en_US","og_type":"article","og_title":"Limpiador industrial Zeramad R84 - Zerachem","og_description":"El limpiador industrial de maderas melam\u00ednicas Zeramad R84 ofrece limpieza profunda y segura en superficies recubiertas, eliminando polvo, residuos y contaminantes sin da\u00f1ar materiales ni cantos sensibles; su formulaci\u00f3n de baja emisi\u00f3n protege al operario y al entorno.  Ideal para industrias de muebles, construcci\u00f3n, decoraci\u00f3n y mantenimiento profesional, optimizando productividad y calidad.  &nbsp;  &nbsp;","og_url":"http:\/\/zerachem.com\/en\/product\/zeramad-r84\/","og_site_name":"Zerachem","article_modified_time":"2026-02-10T22:51:04+00:00","og_image":[{"width":540,"height":540,"url":"https:\/\/zerachem.com\/wp-content\/uploads\/2025\/12\/23-08-2025-Pagina-web-imagenes-productos-29.png","type":"image\/png"}],"twitter_card":"summary_large_image","schema":{"@context":"https:\/\/schema.org","@graph":[{"@type":"WebPage","@id":"http:\/\/zerachem.com\/en\/product\/zeramad-r84\/","url":"http:\/\/zerachem.com\/en\/product\/zeramad-r84\/","name":"Limpiador industrial Zeramad R84 - Zerachem","isPartOf":{"@id":"https:\/\/zerachem.com\/#website"},"primaryImageOfPage":{"@id":"http:\/\/zerachem.com\/en\/product\/zeramad-r84\/#primaryimage"},"image":{"@id":"http:\/\/zerachem.com\/en\/product\/zeramad-r84\/#primaryimage"},"thumbnailUrl":"https:\/\/zerachem.com\/wp-content\/uploads\/2025\/12\/23-08-2025-Pagina-web-imagenes-productos-29.png","datePublished":"2025-12-09T14:25:29+00:00","dateModified":"2026-02-10T22:51:04+00:00","breadcrumb":{"@id":"http:\/\/zerachem.com\/en\/product\/zeramad-r84\/#breadcrumb"},"inLanguage":"en-US","potentialAction":[{"@type":"ReadAction","target":["http:\/\/zerachem.com\/en\/product\/zeramad-r84\/"]}]},{"@type":"ImageObject","inLanguage":"en-US","@id":"http:\/\/zerachem.com\/en\/product\/zeramad-r84\/#primaryimage","url":"https:\/\/zerachem.com\/wp-content\/uploads\/2025\/12\/23-08-2025-Pagina-web-imagenes-productos-29.png","contentUrl":"https:\/\/zerachem.com\/wp-content\/uploads\/2025\/12\/23-08-2025-Pagina-web-imagenes-productos-29.png","width":540,"height":540,"caption":"Limpieza Industrial"},{"@type":"BreadcrumbList","@id":"http:\/\/zerachem.com\/en\/product\/zeramad-r84\/#breadcrumb","itemListElement":[{"@type":"ListItem","position":1,"name":"Portada","item":"https:\/\/zerachem.com\/"},{"@type":"ListItem","position":2,"name":"Tienda","item":"http:\/\/zerachem.com\/en\/tienda\/"},{"@type":"ListItem","position":3,"name":"Limpiador industrial Zeramad R84"}]},{"@type":"WebSite","@id":"https:\/\/zerachem.com\/#website","url":"https:\/\/zerachem.com\/","name":"Zerachem","description":"Materias Primas Qu&iacute;micas para Colombia y el Mundo","potentialAction":[{"@type":"SearchAction","target":{"@type":"EntryPoint","urlTemplate":"https:\/\/zerachem.com\/?s={search_term_string}"},"query-input":{"@type":"PropertyValueSpecification","valueRequired":true,"valueName":"search_term_string"}}],"inLanguage":"en-US"}]}},"_links":{"self":[{"href":"https:\/\/zerachem.com\/en\/wp-json\/wp\/v2\/product\/4794","targetHints":{"allow":["GET"]}}],"collection":[{"href":"https:\/\/zerachem.com\/en\/wp-json\/wp\/v2\/product"}],"about":[{"href":"https:\/\/zerachem.com\/en\/wp-json\/wp\/v2\/types\/product"}],"replies":[{"embeddable":true,"href":"https:\/\/zerachem.com\/en\/wp-json\/wp\/v2\/comments?post=4794"}],"wp:featuredmedia":[{"embeddable":true,"href":"https:\/\/zerachem.com\/en\/wp-json\/wp\/v2\/media\/4795"}],"wp:attachment":[{"href":"https:\/\/zerachem.com\/en\/wp-json\/wp\/v2\/media?parent=4794"}],"wp:term":[{"taxonomy":"product_brand","embeddable":true,"href":"https:\/\/zerachem.com\/en\/wp-json\/wp\/v2\/product_brand?post=4794"},{"taxonomy":"product_cat","embeddable":true,"href":"https:\/\/zerachem.com\/en\/wp-json\/wp\/v2\/product_cat?post=4794"},{"taxonomy":"product_tag","embeddable":true,"href":"https:\/\/zerachem.com\/en\/wp-json\/wp\/v2\/product_tag?post=4794"}],"curies":[{"name":"wp","href":"https:\/\/api.w.org\/{rel}","templated":true}]}}